{"id":226,"date":"2023-09-20T07:18:33","date_gmt":"2023-09-20T07:18:33","guid":{"rendered":"https:\/\/mujerimpacta.com\/?page_id=226"},"modified":"2023-09-20T07:22:49","modified_gmt":"2023-09-20T07:22:49","slug":"procedures","status":"publish","type":"page","link":"https:\/\/drjaimeponcedeleon.com.mx\/es\/procedures\/","title":{"rendered":"Procedimientos"},"content":{"rendered":"<div data-elementor-type=\"wp-page\" data-elementor-id=\"226\" class=\"elementor elementor-226\" data-elementor-post-type=\"page\">\n\t\t\t\t<div class=\"elementor-element elementor-element-56fc86f e-flex e-con-boxed e-con e-parent\" data-id=\"56fc86f\" data-element_type=\"container\" data-e-type=\"container\" data-settings=\"{&quot;background_background&quot;:&quot;classic&quot;}\">\n\t\t\t\t\t<div class=\"e-con-inner\">\n\t\t\t\t<div class=\"elementor-element elementor-element-2a5a3417 elementor-widget elementor-widget-heading\" data-id=\"2a5a3417\" data-element_type=\"widget\" data-e-type=\"widget\" data-widget_type=\"heading.default\">\n\t\t\t\t<div class=\"elementor-widget-container\">\n\t\t\t\t\t<h2 class=\"elementor-heading-title elementor-size-default\">Procedimientos<\/h2>\t\t\t\t<\/div>\n\t\t\t\t<\/div>\n\t\t\t\t\t<\/div>\n\t\t\t\t<\/div>\n\t\t<div class=\"elementor-element elementor-element-773719a e-flex e-con-boxed e-con e-parent\" data-id=\"773719a\" data-element_type=\"container\" data-e-type=\"container\">\n\t\t\t\t\t<div class=\"e-con-inner\">\n\t\t\t\t<div class=\"elementor-element elementor-element-2b7622b7 elementor-widget elementor-widget-heading\" data-id=\"2b7622b7\" data-element_type=\"widget\" data-e-type=\"widget\" data-widget_type=\"heading.default\">\n\t\t\t\t<div class=\"elementor-widget-container\">\n\t\t\t\t\t<h2 class=\"elementor-heading-title elementor-size-default\">Cirug\u00eda de manga g\u00e1strica<\/h2>\t\t\t\t<\/div>\n\t\t\t\t<\/div>\n\t\t\t\t\t<\/div>\n\t\t\t\t<\/div>\n\t\t<div class=\"elementor-element elementor-element-7355b01b e-flex e-con-boxed e-con e-parent\" data-id=\"7355b01b\" data-element_type=\"container\" data-e-type=\"container\">\n\t\t\t\t\t<div class=\"e-con-inner\">\n\t\t<div class=\"elementor-element elementor-element-1141299f e-con-full e-flex e-con e-child\" data-id=\"1141299f\" data-element_type=\"container\" data-e-type=\"container\" data-settings=\"{&quot;background_background&quot;:&quot;classic&quot;}\">\n\t\t\t\t<div class=\"elementor-element elementor-element-328dc21 elementor-widget elementor-widget-heading\" data-id=\"328dc21\" data-element_type=\"widget\" data-e-type=\"widget\" data-widget_type=\"heading.default\">\n\t\t\t\t<div class=\"elementor-widget-container\">\n\t\t\t\t\t<h6 class=\"elementor-heading-title elementor-size-default\">Procedimientos<\/h6>\t\t\t\t<\/div>\n\t\t\t\t<\/div>\n\t\t\t\t<div class=\"elementor-element elementor-element-780ac5ba elementor-widget elementor-widget-jkit_nav_menu\" data-id=\"780ac5ba\" data-element_type=\"widget\" data-e-type=\"widget\" data-widget_type=\"jkit_nav_menu.default\">\n\t\t\t\t<div class=\"elementor-widget-container\">\n\t\t\t\t\t<div  class=\"jeg-elementor-kit jkit-nav-menu break-point-tablet submenu-click-title jeg_module___69e8d0a3126e9\"  data-item-indicator=\"&lt;i aria-hidden=&quot;true&quot; class=&quot;fas fa-angle-down&quot;&gt;&lt;\/i&gt;\"><button aria-label=\"open-menu\" class=\"jkit-hamburger-menu\"><i aria-hidden=\"true\" class=\"fas fa-bars\"><\/i><\/button>\n        <div class=\"jkit-menu-wrapper\"><div class=\"jkit-menu-container\"><ul id=\"menu-menujaime\" class=\"jkit-menu jkit-menu-direction-block jkit-submenu-position-top\"><li id=\"menu-item-161\" class=\"menu-item menu-item-type-post_type menu-item-object-page menu-item-home menu-item-161\"><a href=\"https:\/\/drjaimeponcedeleon.com.mx\/es\/\">Inicio<\/a><\/li>\n<li id=\"menu-item-181\" class=\"menu-item menu-item-type-post_type menu-item-object-page menu-item-181\"><a href=\"https:\/\/drjaimeponcedeleon.com.mx\/es\/medical-form\/\">Formulario M\u00e9dico<\/a><\/li>\n<li id=\"menu-item-242\" class=\"menu-item menu-item-type-post_type menu-item-object-page menu-item-has-children menu-item-242\"><a href=\"https:\/\/drjaimeponcedeleon.com.mx\/es\/procedures\/\">Procedimientos<\/a>\n<ul class=\"sub-menu\">\n\t<li id=\"menu-item-253\" class=\"menu-item menu-item-type-post_type menu-item-object-page menu-item-253\"><a href=\"https:\/\/drjaimeponcedeleon.com.mx\/es\/bariatric-revision-surgery\/\">Cirug\u00eda de revisi\u00f3n bari\u00e1trica<\/a><\/li>\n\t<li id=\"menu-item-261\" class=\"menu-item menu-item-type-post_type menu-item-object-page menu-item-261\"><a href=\"https:\/\/drjaimeponcedeleon.com.mx\/es\/intragastric-balloon\/\">Bal\u00f3n Intrag\u00e1strico<\/a><\/li>\n\t<li id=\"menu-item-269\" class=\"menu-item menu-item-type-post_type menu-item-object-page menu-item-269\"><a href=\"https:\/\/drjaimeponcedeleon.com.mx\/es\/hiatal-hernia-repair\/\">Reparaci\u00f3n de Hernia<\/a><\/li>\n\t<li id=\"menu-item-281\" class=\"menu-item menu-item-type-post_type menu-item-object-page menu-item-281\"><a href=\"https:\/\/drjaimeponcedeleon.com.mx\/es\/sils-gastric-sleeve-surgery\/\">SILS Manga G\u00e1strica<\/a><\/li>\n\t<li id=\"menu-item-290\" class=\"menu-item menu-item-type-post_type menu-item-object-page menu-item-290\"><a href=\"https:\/\/drjaimeponcedeleon.com.mx\/es\/sadi-s-surgery\/\">SADI-S<\/a><\/li>\n\t<li id=\"menu-item-299\" class=\"menu-item menu-item-type-post_type menu-item-object-page menu-item-299\"><a href=\"https:\/\/drjaimeponcedeleon.com.mx\/es\/duodenal-switch\/\">Duodenal<\/a><\/li>\n\t<li id=\"menu-item-308\" class=\"menu-item menu-item-type-post_type menu-item-object-page menu-item-308\"><a href=\"https:\/\/drjaimeponcedeleon.com.mx\/es\/gastric-bypass-surgery\/\">Bypass G\u00e1strico<\/a><\/li>\n<\/ul>\n<\/li>\n<li id=\"menu-item-342\" class=\"menu-item menu-item-type-post_type menu-item-object-page menu-item-342\"><a href=\"https:\/\/drjaimeponcedeleon.com.mx\/es\/bariatric-patients\/\">Pacientes Bari\u00e1tricos<\/a><\/li>\n<li id=\"menu-item-317\" class=\"menu-item menu-item-type-post_type menu-item-object-page menu-item-317\"><a href=\"https:\/\/drjaimeponcedeleon.com.mx\/es\/contact\/\">Contacto<\/a><\/li>\n<\/ul><\/div>\n            <div class=\"jkit-nav-identity-panel\">\n                <div class=\"jkit-nav-site-title\"><a href=\"https:\/\/drjaimeponcedeleon.com.mx\/es\" class=\"jkit-nav-logo\" aria-label=\"Home Link\"><\/a><\/div>\n                <button aria-label=\"close-menu\" class=\"jkit-close-menu\"><i aria-hidden=\"true\" class=\"fas fa-times\"><\/i><\/button>\n            <\/div>\n        <\/div>\n        <div class=\"jkit-overlay\"><\/div><\/div>\t\t\t\t<\/div>\n\t\t\t\t<\/div>\n\t\t\t\t<\/div>\n\t\t<div class=\"elementor-element elementor-element-14d7b082 e-con-full e-flex e-con e-child\" data-id=\"14d7b082\" data-element_type=\"container\" data-e-type=\"container\">\n\t\t<div class=\"elementor-element elementor-element-5c4fadd1 e-flex e-con-boxed e-con e-child\" data-id=\"5c4fadd1\" data-element_type=\"container\" data-e-type=\"container\">\n\t\t\t\t\t<div class=\"e-con-inner\">\n\t\t\t\t<div class=\"elementor-element elementor-element-5e51d88f elementor-widget__width-initial elementor-widget elementor-widget-text-editor\" data-id=\"5e51d88f\" data-element_type=\"widget\" data-e-type=\"widget\" data-widget_type=\"text-editor.default\">\n\t\t\t\t<div class=\"elementor-widget-container\">\n\t\t\t\t\t\t\t\t\t<p><img fetchpriority=\"high\" decoding=\"async\" class=\"size-medium wp-image-235 alignright\" src=\"https:\/\/mujerimpacta.com\/wp-content\/uploads\/2023\/09\/sleeve-768x994-1-232x300.png\" alt=\"\" width=\"232\" height=\"300\" srcset=\"https:\/\/drjaimeponcedeleon.com.mx\/wp-content\/uploads\/2023\/09\/sleeve-768x994-1-232x300.png 232w, https:\/\/drjaimeponcedeleon.com.mx\/wp-content\/uploads\/2023\/09\/sleeve-768x994-1-9x12.png 9w, https:\/\/drjaimeponcedeleon.com.mx\/wp-content\/uploads\/2023\/09\/sleeve-768x994-1.png 768w\" sizes=\"(max-width: 232px) 100vw, 232px\" \/><br \/>La <strong>gastrectom\u00eda vertical<\/strong> tambi\u00e9n conocida como Manga G\u00e1strica es una Cirug\u00eda de P\u00e9rdida de Peso que consiste en dividir el 80% del est\u00f3mago, creando una restricci\u00f3n de la capacidad total y tambi\u00e9n minimizar la creaci\u00f3n de la hormona del hambre ghrelina: este es un m\u00e9todo seguro para nuestros pacientes, el est\u00f3mago a la izquierda tomar\u00e1 la forma de un pl\u00e1tano o una manga.\u00a0<\/p><p>Recomendamos manga g\u00e1strica para casi todos nuestros pacientes, ayuda con la sensaci\u00f3n de hambre, siendo menos invasivo que otros procedimientos por ser meramente restrictivo sin afectar la absorci\u00f3n de otros nutrientes como vitaminas y minerales, demostr\u00e1ndose en estudios que la absorci\u00f3n es la misma en comparaci\u00f3n de una persona sin un procedimiento bari\u00e1trico.<\/p><p>Esta cirug\u00eda realizada por un experto es una cirug\u00eda de muy bajo riesgo la cual se puede convertir en un bypass o en cruce duodenal como cirug\u00eda de revisi\u00f3n.<\/p><p>Esta cirug\u00eda dura alrededor de 45min a 1 hora en la sala de operaciones, de 30 min a 1 hora en la sala de recuperaci\u00f3n.<\/p><p>Despu\u00e9s de 4 horas el paciente es capaz de caminar, la recuperaci\u00f3n es muy r\u00e1pida, una de las ventajas de la cirug\u00eda laparosc\u00f3pica.<\/p><p>Todos los medicamentos como los antibi\u00f3ticos, las n\u00e1useas, y los analg\u00e9sicos son Administrar por v\u00eda intravenosa, un drenaje de Jackson Pratt se deja para la seguridad del paciente el cual se retira al cabo del tercer d\u00eda de hospitalizaci\u00f3n. La cirug\u00eda requiere de 3 d\u00edas de hospital. Todos nuestros pacientes reciben una habitaci\u00f3n privada con TV, aire acondicionado, ba\u00f1o, y un sof\u00e1 donde un compa\u00f1ero puede pasar la noche.<\/p><p>La cirug\u00eda requiere de 3 d\u00edas de hospital. a todos nuestros pacientes a conseguir una habitaci\u00f3n privada con Tv, Aire acondicionado, cuarto de Ba\u00f1o y un sof\u00e1 donde un compa\u00f1ero puede pasar la noche.<\/p>\t\t\t\t\t\t\t\t<\/div>\n\t\t\t\t<\/div>\n\t\t\t\t\t<\/div>\n\t\t\t\t<\/div>\n\t\t<div class=\"elementor-element elementor-element-5b13ddc9 e-flex e-con-boxed e-con e-child\" data-id=\"5b13ddc9\" data-element_type=\"container\" data-e-type=\"container\">\n\t\t\t\t\t<div class=\"e-con-inner\">\n\t\t\t\t<div class=\"elementor-element elementor-element-805e3fb elementor-widget elementor-widget-heading\" data-id=\"805e3fb\" data-element_type=\"widget\" data-e-type=\"widget\" data-widget_type=\"heading.default\">\n\t\t\t\t<div class=\"elementor-widget-container\">\n\t\t\t\t\t<h2 class=\"elementor-heading-title elementor-size-default\">Ventajas de la Manga G\u00e1strica<\/h2>\t\t\t\t<\/div>\n\t\t\t\t<\/div>\n\t\t\t\t<div class=\"elementor-element elementor-element-6d201978 elementor-widget__width-initial ekit-equal-height-disable elementor-invisible elementor-widget elementor-widget-elementskit-icon-box\" data-id=\"6d201978\" data-element_type=\"widget\" data-e-type=\"widget\" data-settings=\"{&quot;_animation&quot;:&quot;slideInRight&quot;,&quot;_animation_delay&quot;:0}\" data-widget_type=\"elementskit-icon-box.default\">\n\t\t\t\t<div class=\"elementor-widget-container\">\n\t\t\t\t\t<div class=\"ekit-wid-con\" >        <!-- link opening -->\n                <a href=\"#\" class=\"ekit_global_links\">\n                <!-- end link opening -->\n\n        <div class=\"elementskit-infobox text- text-left icon-lef-right-aligin elementor-animation- media\">\n                    <div class=\"elementskit-box-header elementor-animation-\">\n                <div class=\"elementskit-info-box-icon  text-center\">\n                    <i aria-hidden=\"true\" class=\"elementkit-infobox-icon fas fa-briefcase-medical\"><\/i>\n                <\/div>\n          <\/div>\n                        <div class=\"box-body\">\n                            <span class=\"elementskit-info-box-title\">\n                    R\u00e1pida Recuperaci\u00f3n                <\/span>\n                        \t\t  \t<p>El paciente experimentar\u00e1 una recuperaci\u00f3n muy r\u00e1pida durante los 3 d\u00edas de hospitalizaci\u00f3n de un paciente puede volver al trabajo despu\u00e9s de una semana de la cirug\u00eda.<\/p>\n                                <\/div>\n        \n        \n                <\/div>\n                <\/a>\n        <\/div>\t\t\t\t<\/div>\n\t\t\t\t<\/div>\n\t\t\t\t<div class=\"elementor-element elementor-element-112c357b elementor-widget__width-initial ekit-equal-height-disable elementor-invisible elementor-widget elementor-widget-elementskit-icon-box\" data-id=\"112c357b\" data-element_type=\"widget\" data-e-type=\"widget\" data-settings=\"{&quot;_animation&quot;:&quot;slideInRight&quot;,&quot;_animation_delay&quot;:900}\" data-widget_type=\"elementskit-icon-box.default\">\n\t\t\t\t<div class=\"elementor-widget-container\">\n\t\t\t\t\t<div class=\"ekit-wid-con\" >        <!-- link opening -->\n                <a href=\"#\" class=\"ekit_global_links\">\n                <!-- end link opening -->\n\n        <div class=\"elementskit-infobox text- text-left icon-lef-right-aligin elementor-animation- media\">\n                    <div class=\"elementskit-box-header elementor-animation-\">\n                <div class=\"elementskit-info-box-icon  text-center\">\n                    <i aria-hidden=\"true\" class=\"elementkit-infobox-icon fas fa-apple-alt\"><\/i>\n                <\/div>\n          <\/div>\n                        <div class=\"box-body\">\n                            <span class=\"elementskit-info-box-title\">\n                    Menos Hambre                <\/span>\n                        \t\t  \t<p>Esta cirug\u00eda elimina el \u00e1rea de producci\u00f3n de la ghrelina la cual es responsable del hambre. Cuando la gente hace esta cirug\u00eda siempre mencionar que comemos porque nos dice que comamos no porque tenemos hambre.<\/p>\n                                <\/div>\n        \n        \n                <\/div>\n                <\/a>\n        <\/div>\t\t\t\t<\/div>\n\t\t\t\t<\/div>\n\t\t\t\t<div class=\"elementor-element elementor-element-7b55c8b5 elementor-widget__width-initial ekit-equal-height-disable elementor-invisible elementor-widget elementor-widget-elementskit-icon-box\" data-id=\"7b55c8b5\" data-element_type=\"widget\" data-e-type=\"widget\" data-settings=\"{&quot;_animation&quot;:&quot;slideInRight&quot;,&quot;_animation_delay&quot;:1100}\" data-widget_type=\"elementskit-icon-box.default\">\n\t\t\t\t<div class=\"elementor-widget-container\">\n\t\t\t\t\t<div class=\"ekit-wid-con\" >        <!-- link opening -->\n                <a href=\"#\" class=\"ekit_global_links\">\n                <!-- end link opening -->\n\n        <div class=\"elementskit-infobox text- text-left icon-lef-right-aligin elementor-animation- media\">\n                    <div class=\"elementskit-box-header elementor-animation-\">\n                <div class=\"elementskit-info-box-icon  text-center\">\n                    <i aria-hidden=\"true\" class=\"elementkit-infobox-icon fas fa-notes-medical\"><\/i>\n                <\/div>\n          <\/div>\n                        <div class=\"box-body\">\n                            <span class=\"elementskit-info-box-title\">\n                    Regula Los Niveles De Az\u00facar                <\/span>\n                        \t\t  \t<p>Es ideal para las personas con enfermedades metab\u00f3licas relacionadas con el sobrepeso como la diabetes, la hipertensi\u00f3n y o colesterol.<\/p>\n                                <\/div>\n        \n        \n                <\/div>\n                <\/a>\n        <\/div>\t\t\t\t<\/div>\n\t\t\t\t<\/div>\n\t\t\t\t<div class=\"elementor-element elementor-element-1854ee8b elementor-widget__width-initial ekit-equal-height-disable elementor-invisible elementor-widget elementor-widget-elementskit-icon-box\" data-id=\"1854ee8b\" data-element_type=\"widget\" data-e-type=\"widget\" data-settings=\"{&quot;_animation&quot;:&quot;slideInRight&quot;,&quot;_animation_delay&quot;:300}\" data-widget_type=\"elementskit-icon-box.default\">\n\t\t\t\t<div class=\"elementor-widget-container\">\n\t\t\t\t\t<div class=\"ekit-wid-con\" >        <!-- link opening -->\n                <a href=\"#\" class=\"ekit_global_links\">\n                <!-- end link opening -->\n\n        <div class=\"elementskit-infobox text- text-left icon-lef-right-aligin elementor-animation- media\">\n                    <div class=\"elementskit-box-header elementor-animation-\">\n                <div class=\"elementskit-info-box-icon  text-center\">\n                    <i aria-hidden=\"true\" class=\"elementkit-infobox-icon jki jki-checked1-light\"><\/i>\n                <\/div>\n          <\/div>\n                        <div class=\"box-body\">\n                            <span class=\"elementskit-info-box-title\">\n                    \u00c9xito De P\u00e9rdida De Peso                <\/span>\n                        \t\t  \t<p>P\u00e9rdida r\u00e1pida de peso en funci\u00f3n del peso inicial. Por lo general se experimenta una perdida durante el primer mes de 15 a 30, y una perdida ponderal durante los primeros 6 a 8 meses hasta perder un total de 75% del exceso de peso.<\/p>\n                                <\/div>\n        \n        \n                <\/div>\n                <\/a>\n        <\/div>\t\t\t\t<\/div>\n\t\t\t\t<\/div>\n\t\t\t\t\t<\/div>\n\t\t\t\t<\/div>\n\t\t\t\t<\/div>\n\t\t\t\t\t<\/div>\n\t\t\t\t<\/div>\n\t\t\t\t<\/div>","protected":false},"excerpt":{"rendered":"<p>Procedures Gastric Sleeve Surgery Procedures Home Medical Form Procedures Bariatric Patients Blog Contact The Vertical Sleeve Gastrectomy also known as Gastric Sleeve It is a Weight Loss Surgery that involves dividing 80% of the stomach creating a restriction of total capacity and also minimizing the creation of the hunger hormone ghreline: this is a safe [&hellip;]<\/p>\n","protected":false},"author":1,"featured_media":0,"parent":0,"menu_order":0,"comment_status":"closed","ping_status":"closed","template":"elementor_header_footer","meta":{"footnotes":""},"class_list":["post-226","page","type-page","status-publish","hentry"],"_links":{"self":[{"href":"https:\/\/drjaimeponcedeleon.com.mx\/es\/wp-json\/wp\/v2\/pages\/226","targetHints":{"allow":["GET"]}}],"collection":[{"href":"https:\/\/drjaimeponcedeleon.com.mx\/es\/wp-json\/wp\/v2\/pages"}],"about":[{"href":"https:\/\/drjaimeponcedeleon.com.mx\/es\/wp-json\/wp\/v2\/types\/page"}],"author":[{"embeddable":true,"href":"https:\/\/drjaimeponcedeleon.com.mx\/es\/wp-json\/wp\/v2\/users\/1"}],"replies":[{"embeddable":true,"href":"https:\/\/drjaimeponcedeleon.com.mx\/es\/wp-json\/wp\/v2\/comments?post=226"}],"version-history":[{"count":0,"href":"https:\/\/drjaimeponcedeleon.com.mx\/es\/wp-json\/wp\/v2\/pages\/226\/revisions"}],"wp:attachment":[{"href":"https:\/\/drjaimeponcedeleon.com.mx\/es\/wp-json\/wp\/v2\/media?parent=226"}],"curies":[{"name":"wp","href":"https:\/\/api.w.org\/{rel}","templated":true}]}}