{"id":260,"date":"2023-09-20T07:26:35","date_gmt":"2023-09-20T07:26:35","guid":{"rendered":"https:\/\/mujerimpacta.com\/?page_id=260"},"modified":"2023-09-20T07:27:42","modified_gmt":"2023-09-20T07:27:42","slug":"intragastric-balloon","status":"publish","type":"page","link":"https:\/\/drjaimeponcedeleon.com.mx\/es\/intragastric-balloon\/","title":{"rendered":"Bal\u00f3n Intrag\u00e1strico"},"content":{"rendered":"<div data-elementor-type=\"wp-page\" data-elementor-id=\"260\" class=\"elementor elementor-260\" data-elementor-post-type=\"page\">\n\t\t\t\t<div class=\"elementor-element elementor-element-d237b7e e-flex e-con-boxed e-con e-parent\" data-id=\"d237b7e\" data-element_type=\"container\" data-e-type=\"container\" data-settings=\"{&quot;background_background&quot;:&quot;classic&quot;}\">\n\t\t\t\t\t<div class=\"e-con-inner\">\n\t\t\t\t<div class=\"elementor-element elementor-element-eeb9621 elementor-widget elementor-widget-heading\" data-id=\"eeb9621\" data-element_type=\"widget\" data-e-type=\"widget\" data-widget_type=\"heading.default\">\n\t\t\t\t<div class=\"elementor-widget-container\">\n\t\t\t\t\t<h2 class=\"elementor-heading-title elementor-size-default\">Procedimientos<\/h2>\t\t\t\t<\/div>\n\t\t\t\t<\/div>\n\t\t\t\t\t<\/div>\n\t\t\t\t<\/div>\n\t\t<div class=\"elementor-element elementor-element-69de2952 e-flex e-con-boxed e-con e-parent\" data-id=\"69de2952\" data-element_type=\"container\" data-e-type=\"container\">\n\t\t\t\t\t<div class=\"e-con-inner\">\n\t\t\t\t<div class=\"elementor-element elementor-element-4ceafbcb elementor-widget elementor-widget-heading\" data-id=\"4ceafbcb\" data-element_type=\"widget\" data-e-type=\"widget\" data-widget_type=\"heading.default\">\n\t\t\t\t<div class=\"elementor-widget-container\">\n\t\t\t\t\t<h2 class=\"elementor-heading-title elementor-size-default\">Bal\u00f3n Intrag\u00e1strico<\/h2>\t\t\t\t<\/div>\n\t\t\t\t<\/div>\n\t\t\t\t\t<\/div>\n\t\t\t\t<\/div>\n\t\t<div class=\"elementor-element elementor-element-7f62dc1a e-flex e-con-boxed e-con e-parent\" data-id=\"7f62dc1a\" data-element_type=\"container\" data-e-type=\"container\">\n\t\t\t\t\t<div class=\"e-con-inner\">\n\t\t<div class=\"elementor-element elementor-element-4bfff1c e-con-full e-flex e-con e-child\" data-id=\"4bfff1c\" data-element_type=\"container\" data-e-type=\"container\">\n\t\t<div class=\"elementor-element elementor-element-6beb0635 e-flex e-con-boxed e-con e-child\" data-id=\"6beb0635\" data-element_type=\"container\" data-e-type=\"container\">\n\t\t\t\t\t<div class=\"e-con-inner\">\n\t\t\t\t<div class=\"elementor-element elementor-element-352f13b3 elementor-widget__width-initial elementor-widget elementor-widget-text-editor\" data-id=\"352f13b3\" data-element_type=\"widget\" data-e-type=\"widget\" data-widget_type=\"text-editor.default\">\n\t\t\t\t<div class=\"elementor-widget-container\">\n\t\t\t\t\t\t\t\t\t<p>El bal\u00f3n intrag\u00e1strico es un procedimiento bari\u00e1trico no quir\u00fargico aprobar por la FDA en 2015 y consiste en la colocaci\u00f3n por v\u00eda endosc\u00f3pica un globo llen\u00e1ndolo de 500cc a los decretos de la cantidad de espacio g\u00e1strico. El bal\u00f3n puede ser dejado de 6 a 8 meses y los resultados en una p\u00e9rdida de peso promedio de 5 a 9 puntos de IMC m\u00e1s de medio a\u00f1o.\n\nEl bal\u00f3n intrag\u00e1strico puede ser utilizado antes de otra cirug\u00eda bari\u00e1trica con el fin de ayudar al paciente para alcanzar un peso que es adecuado para la cirug\u00eda, adem\u00e1s tambi\u00e9n puede ser utilizado en varias ocasiones de ser necesario.<\/p><p>The intragastric balloon may be used prior to another bariatric procedure in order to assist the patient to reach a weight which is suitable for surgery, further it can also be used on several occasions if necessary.<\/p><p>\u00a0<\/p><p>El procedimiento tarda aproximadamente 30 minutos en la sala de operaci\u00f3n que se realiza con anestesia sedici\u00f3n, colocando el bal\u00f3n con un l\u00edquido azul, despu\u00e9s de que el caso de que el paciente permanece en la recuperaci\u00f3n por 30 minutos antes de dirigirse a una habitaci\u00f3n privada con TV, aire acondicionado, ba\u00f1o. El paciente permanecer\u00e1 durante 6 horas total en el hospital, que es considerar y procedimiento ambulatorio.<\/p>\t\t\t\t\t\t\t\t<\/div>\n\t\t\t\t<\/div>\n\t\t\t\t\t<\/div>\n\t\t\t\t<\/div>\n\t\t<div class=\"elementor-element elementor-element-746e03dc e-flex e-con-boxed e-con e-child\" data-id=\"746e03dc\" data-element_type=\"container\" data-e-type=\"container\">\n\t\t\t\t\t<div class=\"e-con-inner\">\n\t\t\t\t<div class=\"elementor-element elementor-element-7ad00866 elementor-widget elementor-widget-heading\" data-id=\"7ad00866\" data-element_type=\"widget\" data-e-type=\"widget\" data-widget_type=\"heading.default\">\n\t\t\t\t<div class=\"elementor-widget-container\">\n\t\t\t\t\t<h2 class=\"elementor-heading-title elementor-size-default\">Ventajas del Bal\u00f3n Intrag\u00e1strico<\/h2>\t\t\t\t<\/div>\n\t\t\t\t<\/div>\n\t\t\t\t<div class=\"elementor-element elementor-element-34b2adec elementor-widget__width-initial ekit-equal-height-disable elementor-invisible elementor-widget elementor-widget-elementskit-icon-box\" data-id=\"34b2adec\" data-element_type=\"widget\" data-e-type=\"widget\" data-settings=\"{&quot;_animation&quot;:&quot;slideInRight&quot;,&quot;_animation_delay&quot;:0}\" data-widget_type=\"elementskit-icon-box.default\">\n\t\t\t\t<div class=\"elementor-widget-container\">\n\t\t\t\t\t<div class=\"ekit-wid-con\" >        <!-- link opening -->\n                <a href=\"#\" class=\"ekit_global_links\">\n                <!-- end link opening -->\n\n        <div class=\"elementskit-infobox text- text-left icon-lef-right-aligin elementor-animation- media\">\n                    <div class=\"elementskit-box-header elementor-animation-\">\n                <div class=\"elementskit-info-box-icon  text-center\">\n                    <i aria-hidden=\"true\" class=\"elementkit-infobox-icon jki jki-user-clock-solid\"><\/i>\n                <\/div>\n          <\/div>\n                        <div class=\"box-body\">\n                            <span class=\"elementskit-info-box-title\">\n                    No requiere de tiempo para la recuperaci\u00f3n                <\/span>\n                        \t\t  \t<p>Un paciente va a poder reincorporarse a las labores del d\u00eda siguiente del procedimiento.<\/p>\n                                <\/div>\n        \n        \n                <\/div>\n                <\/a>\n        <\/div>\t\t\t\t<\/div>\n\t\t\t\t<\/div>\n\t\t\t\t<div class=\"elementor-element elementor-element-399eb06f elementor-widget__width-initial ekit-equal-height-disable elementor-invisible elementor-widget elementor-widget-elementskit-icon-box\" data-id=\"399eb06f\" data-element_type=\"widget\" data-e-type=\"widget\" data-settings=\"{&quot;_animation&quot;:&quot;slideInRight&quot;,&quot;_animation_delay&quot;:900}\" data-widget_type=\"elementskit-icon-box.default\">\n\t\t\t\t<div class=\"elementor-widget-container\">\n\t\t\t\t\t<div class=\"ekit-wid-con\" >        <!-- link opening -->\n                <a href=\"#\" class=\"ekit_global_links\">\n                <!-- end link opening -->\n\n        <div class=\"elementskit-infobox text- text-left icon-lef-right-aligin elementor-animation- media\">\n                    <div class=\"elementskit-box-header elementor-animation-\">\n                <div class=\"elementskit-info-box-icon  text-center\">\n                    <i aria-hidden=\"true\" class=\"elementkit-infobox-icon icon icon-cancel\"><\/i>\n                <\/div>\n          <\/div>\n                        <div class=\"box-body\">\n                            <span class=\"elementskit-info-box-title\">\n                    No Quir\u00fargico                <\/span>\n                        \t\t  \t<p>Esto no se considera una cirug\u00eda bari\u00e1trica es un procedimiento sin anestesia general o heridas quir\u00fargicas.<\/p>\n                                <\/div>\n        \n        \n                <\/div>\n                <\/a>\n        <\/div>\t\t\t\t<\/div>\n\t\t\t\t<\/div>\n\t\t\t\t<div class=\"elementor-element elementor-element-6355325a elementor-widget__width-initial ekit-equal-height-disable elementor-invisible elementor-widget elementor-widget-elementskit-icon-box\" data-id=\"6355325a\" data-element_type=\"widget\" data-e-type=\"widget\" data-settings=\"{&quot;_animation&quot;:&quot;slideInRight&quot;,&quot;_animation_delay&quot;:1100}\" data-widget_type=\"elementskit-icon-box.default\">\n\t\t\t\t<div class=\"elementor-widget-container\">\n\t\t\t\t\t<div class=\"ekit-wid-con\" >        <!-- link opening -->\n                <a href=\"#\" class=\"ekit_global_links\">\n                <!-- end link opening -->\n\n        <div class=\"elementskit-infobox text- text-left icon-lef-right-aligin elementor-animation- media\">\n                    <div class=\"elementskit-box-header elementor-animation-\">\n                <div class=\"elementskit-info-box-icon  text-center\">\n                    <i aria-hidden=\"true\" class=\"elementkit-infobox-icon jki jki-cancel-light\"><\/i>\n                <\/div>\n          <\/div>\n                        <div class=\"box-body\">\n                            <span class=\"elementskit-info-box-title\">\n                    Restricci\u00f3n                <\/span>\n                        \t\t  \t<p>El tama\u00f1o del est\u00f3mago se limita a la mitad de su tama\u00f1o, que viven menos espacio para comer en exceso resultante a un buen m\u00e9todo de restricci\u00f3n<\/p>\n                                <\/div>\n        \n        \n                <\/div>\n                <\/a>\n        <\/div>\t\t\t\t<\/div>\n\t\t\t\t<\/div>\n\t\t\t\t<div class=\"elementor-element elementor-element-5a35a53c elementor-widget__width-initial ekit-equal-height-disable elementor-invisible elementor-widget elementor-widget-elementskit-icon-box\" data-id=\"5a35a53c\" data-element_type=\"widget\" data-e-type=\"widget\" data-settings=\"{&quot;_animation&quot;:&quot;slideInRight&quot;,&quot;_animation_delay&quot;:300}\" data-widget_type=\"elementskit-icon-box.default\">\n\t\t\t\t<div class=\"elementor-widget-container\">\n\t\t\t\t\t<div class=\"ekit-wid-con\" >        <!-- link opening -->\n                <a href=\"#\" class=\"ekit_global_links\">\n                <!-- end link opening -->\n\n        <div class=\"elementskit-infobox text- text-left icon-lef-right-aligin elementor-animation- media\">\n                    <div class=\"elementskit-box-header elementor-animation-\">\n                <div class=\"elementskit-info-box-icon  text-center\">\n                    <i aria-hidden=\"true\" class=\"elementkit-infobox-icon jki jki-checked1-light\"><\/i>\n                <\/div>\n          <\/div>\n                        <div class=\"box-body\">\n                            <span class=\"elementskit-info-box-title\">\n                    \u00c9xito De P\u00e9rdida De Peso                <\/span>\n                        \t\t  \t<p>P\u00e9rdida r\u00e1pida de peso en funci\u00f3n del peso inicial. Por lo general se experimenta una perdida durante el primer mes de 15 a 30, y una perdida ponderal durante los primeros 6 a 8 meses hasta perder un total de 75% del exceso de peso.<\/p>\n                                <\/div>\n        \n        \n                <\/div>\n                <\/a>\n        <\/div>\t\t\t\t<\/div>\n\t\t\t\t<\/div>\n\t\t\t\t\t<\/div>\n\t\t\t\t<\/div>\n\t\t\t\t<\/div>\n\t\t<div class=\"elementor-element elementor-element-3b6edbf0 e-con-full e-flex e-con e-child\" data-id=\"3b6edbf0\" data-element_type=\"container\" data-e-type=\"container\" data-settings=\"{&quot;background_background&quot;:&quot;classic&quot;}\">\n\t\t\t\t<div class=\"elementor-element elementor-element-657369d3 elementor-widget elementor-widget-heading\" data-id=\"657369d3\" data-element_type=\"widget\" data-e-type=\"widget\" data-widget_type=\"heading.default\">\n\t\t\t\t<div class=\"elementor-widget-container\">\n\t\t\t\t\t<h6 class=\"elementor-heading-title elementor-size-default\">Procedimientos<\/h6>\t\t\t\t<\/div>\n\t\t\t\t<\/div>\n\t\t\t\t<div class=\"elementor-element elementor-element-784d4f8 elementor-widget elementor-widget-jkit_nav_menu\" data-id=\"784d4f8\" data-element_type=\"widget\" data-e-type=\"widget\" data-widget_type=\"jkit_nav_menu.default\">\n\t\t\t\t<div class=\"elementor-widget-container\">\n\t\t\t\t\t<div  class=\"jeg-elementor-kit jkit-nav-menu break-point-tablet submenu-click-title jeg_module___69f23b3728727\"  data-item-indicator=\"&lt;i aria-hidden=&quot;true&quot; class=&quot;fas fa-angle-down&quot;&gt;&lt;\/i&gt;\"><button aria-label=\"open-menu\" class=\"jkit-hamburger-menu\"><i aria-hidden=\"true\" class=\"fas fa-bars\"><\/i><\/button>\n        <div class=\"jkit-menu-wrapper\"><div class=\"jkit-menu-container\"><ul id=\"menu-menujaime\" class=\"jkit-menu jkit-menu-direction-block jkit-submenu-position-top\"><li id=\"menu-item-161\" class=\"menu-item menu-item-type-post_type menu-item-object-page menu-item-home menu-item-161\"><a href=\"https:\/\/drjaimeponcedeleon.com.mx\/es\/\">Inicio<\/a><\/li>\n<li id=\"menu-item-181\" class=\"menu-item menu-item-type-post_type menu-item-object-page menu-item-181\"><a href=\"https:\/\/drjaimeponcedeleon.com.mx\/es\/medical-form\/\">Formulario M\u00e9dico<\/a><\/li>\n<li id=\"menu-item-242\" class=\"menu-item menu-item-type-post_type menu-item-object-page menu-item-has-children menu-item-242\"><a href=\"https:\/\/drjaimeponcedeleon.com.mx\/es\/procedures\/\">Procedimientos<\/a>\n<ul class=\"sub-menu\">\n\t<li id=\"menu-item-253\" class=\"menu-item menu-item-type-post_type menu-item-object-page menu-item-253\"><a href=\"https:\/\/drjaimeponcedeleon.com.mx\/es\/bariatric-revision-surgery\/\">Cirug\u00eda de revisi\u00f3n bari\u00e1trica<\/a><\/li>\n\t<li id=\"menu-item-261\" class=\"menu-item menu-item-type-post_type menu-item-object-page menu-item-261\"><a href=\"https:\/\/drjaimeponcedeleon.com.mx\/es\/intragastric-balloon\/\">Bal\u00f3n Intrag\u00e1strico<\/a><\/li>\n\t<li id=\"menu-item-269\" class=\"menu-item menu-item-type-post_type menu-item-object-page menu-item-269\"><a href=\"https:\/\/drjaimeponcedeleon.com.mx\/es\/hiatal-hernia-repair\/\">Reparaci\u00f3n de Hernia<\/a><\/li>\n\t<li id=\"menu-item-281\" class=\"menu-item menu-item-type-post_type menu-item-object-page menu-item-281\"><a href=\"https:\/\/drjaimeponcedeleon.com.mx\/es\/sils-gastric-sleeve-surgery\/\">SILS Manga G\u00e1strica<\/a><\/li>\n\t<li id=\"menu-item-290\" class=\"menu-item menu-item-type-post_type menu-item-object-page menu-item-290\"><a href=\"https:\/\/drjaimeponcedeleon.com.mx\/es\/sadi-s-surgery\/\">SADI-S<\/a><\/li>\n\t<li id=\"menu-item-299\" class=\"menu-item menu-item-type-post_type menu-item-object-page menu-item-299\"><a href=\"https:\/\/drjaimeponcedeleon.com.mx\/es\/duodenal-switch\/\">Duodenal<\/a><\/li>\n\t<li id=\"menu-item-308\" class=\"menu-item menu-item-type-post_type menu-item-object-page menu-item-308\"><a href=\"https:\/\/drjaimeponcedeleon.com.mx\/es\/gastric-bypass-surgery\/\">Bypass G\u00e1strico<\/a><\/li>\n<\/ul>\n<\/li>\n<li id=\"menu-item-342\" class=\"menu-item menu-item-type-post_type menu-item-object-page menu-item-342\"><a href=\"https:\/\/drjaimeponcedeleon.com.mx\/es\/bariatric-patients\/\">Pacientes Bari\u00e1tricos<\/a><\/li>\n<li id=\"menu-item-317\" class=\"menu-item menu-item-type-post_type menu-item-object-page menu-item-317\"><a href=\"https:\/\/drjaimeponcedeleon.com.mx\/es\/contact\/\">Contacto<\/a><\/li>\n<\/ul><\/div>\n            <div class=\"jkit-nav-identity-panel\">\n                <div class=\"jkit-nav-site-title\"><a href=\"https:\/\/drjaimeponcedeleon.com.mx\/es\" class=\"jkit-nav-logo\" aria-label=\"Home Link\"><\/a><\/div>\n                <button aria-label=\"close-menu\" class=\"jkit-close-menu\"><i aria-hidden=\"true\" class=\"fas fa-times\"><\/i><\/button>\n            <\/div>\n        <\/div>\n        <div class=\"jkit-overlay\"><\/div><\/div>\t\t\t\t<\/div>\n\t\t\t\t<\/div>\n\t\t\t\t<\/div>\n\t\t\t\t\t<\/div>\n\t\t\t\t<\/div>\n\t\t\t\t<\/div>","protected":false},"excerpt":{"rendered":"<p>Procedures Intragastric Balloon The intragastric balloon is a non-surgical bariatric procedure approve by the FDA on 2015 and involves placing via endoscopy a balloon filling it with 500cc to decrees the amount of gastric space. The balloon can be left 6 to 8 months and results on an average weight loss of 5 to 9 [&hellip;]<\/p>\n","protected":false},"author":1,"featured_media":0,"parent":0,"menu_order":0,"comment_status":"closed","ping_status":"closed","template":"elementor_header_footer","meta":{"footnotes":""},"class_list":["post-260","page","type-page","status-publish","hentry"],"_links":{"self":[{"href":"https:\/\/drjaimeponcedeleon.com.mx\/es\/wp-json\/wp\/v2\/pages\/260","targetHints":{"allow":["GET"]}}],"collection":[{"href":"https:\/\/drjaimeponcedeleon.com.mx\/es\/wp-json\/wp\/v2\/pages"}],"about":[{"href":"https:\/\/drjaimeponcedeleon.com.mx\/es\/wp-json\/wp\/v2\/types\/page"}],"author":[{"embeddable":true,"href":"https:\/\/drjaimeponcedeleon.com.mx\/es\/wp-json\/wp\/v2\/users\/1"}],"replies":[{"embeddable":true,"href":"https:\/\/drjaimeponcedeleon.com.mx\/es\/wp-json\/wp\/v2\/comments?post=260"}],"version-history":[{"count":0,"href":"https:\/\/drjaimeponcedeleon.com.mx\/es\/wp-json\/wp\/v2\/pages\/260\/revisions"}],"wp:attachment":[{"href":"https:\/\/drjaimeponcedeleon.com.mx\/es\/wp-json\/wp\/v2\/media?parent=260"}],"curies":[{"name":"wp","href":"https:\/\/api.w.org\/{rel}","templated":true}]}}