{"id":268,"date":"2023-09-20T07:28:46","date_gmt":"2023-09-20T07:28:46","guid":{"rendered":"https:\/\/mujerimpacta.com\/?page_id=268"},"modified":"2023-09-20T07:30:20","modified_gmt":"2023-09-20T07:30:20","slug":"hiatal-hernia-repair","status":"publish","type":"page","link":"https:\/\/drjaimeponcedeleon.com.mx\/es\/hiatal-hernia-repair\/","title":{"rendered":"Reparaci\u00f3n de Hernia"},"content":{"rendered":"<div data-elementor-type=\"wp-page\" data-elementor-id=\"268\" class=\"elementor elementor-268\" data-elementor-post-type=\"page\">\n\t\t\t\t<div class=\"elementor-element elementor-element-7f4f3ef8 e-flex e-con-boxed e-con e-parent\" data-id=\"7f4f3ef8\" data-element_type=\"container\" data-e-type=\"container\" data-settings=\"{&quot;background_background&quot;:&quot;classic&quot;}\">\n\t\t\t\t\t<div class=\"e-con-inner\">\n\t\t\t\t<div class=\"elementor-element elementor-element-66fc5664 elementor-widget elementor-widget-heading\" data-id=\"66fc5664\" data-element_type=\"widget\" data-e-type=\"widget\" data-widget_type=\"heading.default\">\n\t\t\t\t<div class=\"elementor-widget-container\">\n\t\t\t\t\t<h2 class=\"elementor-heading-title elementor-size-default\">Procedimientos<\/h2>\t\t\t\t<\/div>\n\t\t\t\t<\/div>\n\t\t\t\t\t<\/div>\n\t\t\t\t<\/div>\n\t\t<div class=\"elementor-element elementor-element-587343dd e-flex e-con-boxed e-con e-parent\" data-id=\"587343dd\" data-element_type=\"container\" data-e-type=\"container\">\n\t\t\t\t\t<div class=\"e-con-inner\">\n\t\t\t\t<div class=\"elementor-element elementor-element-7e5b4060 elementor-widget elementor-widget-heading\" data-id=\"7e5b4060\" data-element_type=\"widget\" data-e-type=\"widget\" data-widget_type=\"heading.default\">\n\t\t\t\t<div class=\"elementor-widget-container\">\n\t\t\t\t\t<h2 class=\"elementor-heading-title elementor-size-default\">Reparaci\u00f3n de Hernia<\/h2>\t\t\t\t<\/div>\n\t\t\t\t<\/div>\n\t\t\t\t\t<\/div>\n\t\t\t\t<\/div>\n\t\t<div class=\"elementor-element elementor-element-73e8a332 e-flex e-con-boxed e-con e-parent\" data-id=\"73e8a332\" data-element_type=\"container\" data-e-type=\"container\">\n\t\t\t\t\t<div class=\"e-con-inner\">\n\t\t<div class=\"elementor-element elementor-element-225bc3f4 e-con-full e-flex e-con e-child\" data-id=\"225bc3f4\" data-element_type=\"container\" data-e-type=\"container\">\n\t\t<div class=\"elementor-element elementor-element-2db53c70 e-flex e-con-boxed e-con e-child\" data-id=\"2db53c70\" data-element_type=\"container\" data-e-type=\"container\">\n\t\t\t\t\t<div class=\"e-con-inner\">\n\t\t\t\t<div class=\"elementor-element elementor-element-1a40eade elementor-widget__width-initial elementor-widget elementor-widget-text-editor\" data-id=\"1a40eade\" data-element_type=\"widget\" data-e-type=\"widget\" data-widget_type=\"text-editor.default\">\n\t\t\t\t<div class=\"elementor-widget-container\">\n\t\t\t\t\t\t\t\t\t<p><img fetchpriority=\"high\" decoding=\"async\" class=\"size-medium wp-image-276 alignright\" src=\"https:\/\/mujerimpacta.com\/wp-content\/uploads\/2023\/09\/hiatal1-768x994-1-232x300.png\" alt=\"\" width=\"232\" height=\"300\" srcset=\"https:\/\/drjaimeponcedeleon.com.mx\/wp-content\/uploads\/2023\/09\/hiatal1-768x994-1-232x300.png 232w, https:\/\/drjaimeponcedeleon.com.mx\/wp-content\/uploads\/2023\/09\/hiatal1-768x994-1-9x12.png 9w, https:\/\/drjaimeponcedeleon.com.mx\/wp-content\/uploads\/2023\/09\/hiatal1-768x994-1.png 768w\" sizes=\"(max-width: 232px) 100vw, 232px\" \/><br \/>Una hernia hiatal es una herniaci\u00f3n de la parte superior del est\u00f3mago en el t\u00f3rax a trav\u00e9s del hiato esof\u00e1gico la causa m\u00e1s com\u00fan es la obesidad y es causa por un desgarro o debilidad en el diafragma a menudo se relaciona con el ardor de est\u00f3mago, pero tambi\u00e9n puede causar dolor de pecho o dolor con la alimentaci\u00f3n.<\/p><p>Una hernia hiatal puede tratarse con cambios de estilo de vida tales como elevar la cabecera de la cama, p\u00e9rdida de peso, y el ajuste de los h\u00e1bitos alimentarios. Los medicamentos como los inhibidores de la bomba de protones podr\u00edan ayudar. El diagn\u00f3stico es a menudo mediante endoscopia. Por lo general, est\u00e1 relacionada con el peso y la cirug\u00eda de p\u00e9rdida de cirujanos bari\u00e1tricos de la zona, trabajamos para un cirujano es f\u00e1cil de detectar y es el mejor momento para trabajar y solucionarlo. Es importante mencionar en la historia cl\u00ednica se ha demostrado que la cirug\u00eda de Manga G\u00e1strica empeorar el reflujo y herir a quemar a continuaci\u00f3n, cirug\u00eda de bypass g\u00e1strico sido una mejor opci\u00f3n sobre la manga.<\/p><p>La reparaci\u00f3n de la cirug\u00eda se lleva a cabo en el mismo quir\u00fargica incluso que el procedimiento de p\u00e9rdida de peso e implica cerrando el diafragma y pilares. Los resultados son significativos para prevenir las complicaciones debidas a reflujo.<\/p>\t\t\t\t\t\t\t\t<\/div>\n\t\t\t\t<\/div>\n\t\t\t\t\t<\/div>\n\t\t\t\t<\/div>\n\t\t<div class=\"elementor-element elementor-element-316142dc e-flex e-con-boxed e-con e-child\" data-id=\"316142dc\" data-element_type=\"container\" data-e-type=\"container\">\n\t\t\t\t\t<div class=\"e-con-inner\">\n\t\t\t\t<div class=\"elementor-element elementor-element-41b8d6d8 elementor-widget elementor-widget-heading\" data-id=\"41b8d6d8\" data-element_type=\"widget\" data-e-type=\"widget\" data-widget_type=\"heading.default\">\n\t\t\t\t<div class=\"elementor-widget-container\">\n\t\t\t\t\t<h2 class=\"elementor-heading-title elementor-size-default\">\u00bfCu\u00e1les son los s\u00edntomas de la Hernia de Hiato?<\/h2>\t\t\t\t<\/div>\n\t\t\t\t<\/div>\n\t\t\t\t<div class=\"elementor-element elementor-element-1e6f9dda elementor-widget__width-initial ekit-equal-height-disable elementor-invisible elementor-widget elementor-widget-elementskit-icon-box\" data-id=\"1e6f9dda\" data-element_type=\"widget\" data-e-type=\"widget\" data-settings=\"{&quot;_animation&quot;:&quot;slideInRight&quot;,&quot;_animation_delay&quot;:0}\" data-widget_type=\"elementskit-icon-box.default\">\n\t\t\t\t<div class=\"elementor-widget-container\">\n\t\t\t\t\t<div class=\"ekit-wid-con\" >        <!-- link opening -->\n                <a href=\"#\" class=\"ekit_global_links\">\n                <!-- end link opening -->\n\n        <div class=\"elementskit-infobox text- text-left icon-lef-right-aligin elementor-animation- media\">\n                    <div class=\"elementskit-box-header elementor-animation-\">\n                <div class=\"elementskit-info-box-icon  text-center\">\n                    <i aria-hidden=\"true\" class=\"elementkit-infobox-icon icon icon-sad\"><\/i>\n                <\/div>\n          <\/div>\n                        <div class=\"box-body\">\n                            <span class=\"elementskit-info-box-title\">\n                    Dolor en el pecho                <\/span>\n                        \t\t  \t<p>Dificultad para respirar y dolor relacionado con la alimentaci\u00f3n es un s\u00edntoma de la esofagitis y hernia hiatal.<\/p>\n                                <\/div>\n        \n        \n                <\/div>\n                <\/a>\n        <\/div>\t\t\t\t<\/div>\n\t\t\t\t<\/div>\n\t\t\t\t<div class=\"elementor-element elementor-element-54296aa0 elementor-widget__width-initial ekit-equal-height-disable elementor-invisible elementor-widget elementor-widget-elementskit-icon-box\" data-id=\"54296aa0\" data-element_type=\"widget\" data-e-type=\"widget\" data-settings=\"{&quot;_animation&quot;:&quot;slideInRight&quot;,&quot;_animation_delay&quot;:900}\" data-widget_type=\"elementskit-icon-box.default\">\n\t\t\t\t<div class=\"elementor-widget-container\">\n\t\t\t\t\t<div class=\"ekit-wid-con\" >        <!-- link opening -->\n                <a href=\"#\" class=\"ekit_global_links\">\n                <!-- end link opening -->\n\n        <div class=\"elementskit-infobox text- text-left icon-lef-right-aligin elementor-animation- media\">\n                    <div class=\"elementskit-box-header elementor-animation-\">\n                <div class=\"elementskit-info-box-icon  text-center\">\n                    <i aria-hidden=\"true\" class=\"elementkit-infobox-icon icon icon-heart-pulse\"><\/i>\n                <\/div>\n          <\/div>\n                        <div class=\"box-body\">\n                            <span class=\"elementskit-info-box-title\">\n                    Las palpitaciones del coraz\u00f3n                <\/span>\n                        \t\t  \t<p>Las palpitaciones del coraz\u00f3n est\u00e1n relacionados debido a un responden vagal de irritaci\u00f3n.<\/p>\n                                <\/div>\n        \n        \n                <\/div>\n                <\/a>\n        <\/div>\t\t\t\t<\/div>\n\t\t\t\t<\/div>\n\t\t\t\t<div class=\"elementor-element elementor-element-1b4d6105 elementor-widget__width-initial ekit-equal-height-disable elementor-invisible elementor-widget elementor-widget-elementskit-icon-box\" data-id=\"1b4d6105\" data-element_type=\"widget\" data-e-type=\"widget\" data-settings=\"{&quot;_animation&quot;:&quot;slideInRight&quot;,&quot;_animation_delay&quot;:1100}\" data-widget_type=\"elementskit-icon-box.default\">\n\t\t\t\t<div class=\"elementor-widget-container\">\n\t\t\t\t\t<div class=\"ekit-wid-con\" >        <!-- link opening -->\n                <a href=\"#\" class=\"ekit_global_links\">\n                <!-- end link opening -->\n\n        <div class=\"elementskit-infobox text- text-left icon-lef-right-aligin elementor-animation- media\">\n                    <div class=\"elementskit-box-header elementor-animation-\">\n                <div class=\"elementskit-info-box-icon  text-center\">\n                    <i aria-hidden=\"true\" class=\"elementkit-infobox-icon fas fa-heart\"><\/i>\n                <\/div>\n          <\/div>\n                        <div class=\"box-body\">\n                            <span class=\"elementskit-info-box-title\">\n                    Heartburn from gastroesophageal reflux disease                <\/span>\n                        \t\t  \t<p>The hernia leaves a way from the stomach acid to come up A burning sensation in your chest (heartburn), usually after eating, which might be worse at night or while lying down.<\/p>\n                                <\/div>\n        \n        \n                <\/div>\n                <\/a>\n        <\/div>\t\t\t\t<\/div>\n\t\t\t\t<\/div>\n\t\t\t\t\t<\/div>\n\t\t\t\t<\/div>\n\t\t\t\t<\/div>\n\t\t<div class=\"elementor-element elementor-element-56b4de10 e-con-full e-flex e-con e-child\" data-id=\"56b4de10\" data-element_type=\"container\" data-e-type=\"container\" data-settings=\"{&quot;background_background&quot;:&quot;classic&quot;}\">\n\t\t\t\t<div class=\"elementor-element elementor-element-680dbeae elementor-widget elementor-widget-heading\" data-id=\"680dbeae\" data-element_type=\"widget\" data-e-type=\"widget\" data-widget_type=\"heading.default\">\n\t\t\t\t<div class=\"elementor-widget-container\">\n\t\t\t\t\t<h6 class=\"elementor-heading-title elementor-size-default\">Procedimientos<\/h6>\t\t\t\t<\/div>\n\t\t\t\t<\/div>\n\t\t\t\t<div class=\"elementor-element elementor-element-48202e5f elementor-widget elementor-widget-jkit_nav_menu\" data-id=\"48202e5f\" data-element_type=\"widget\" data-e-type=\"widget\" data-widget_type=\"jkit_nav_menu.default\">\n\t\t\t\t<div class=\"elementor-widget-container\">\n\t\t\t\t\t<div  class=\"jeg-elementor-kit jkit-nav-menu break-point-tablet submenu-click-title jeg_module___69e8d1f5a58ed\"  data-item-indicator=\"&lt;i aria-hidden=&quot;true&quot; class=&quot;fas fa-angle-down&quot;&gt;&lt;\/i&gt;\"><button aria-label=\"open-menu\" class=\"jkit-hamburger-menu\"><i aria-hidden=\"true\" class=\"fas fa-bars\"><\/i><\/button>\n        <div class=\"jkit-menu-wrapper\"><div class=\"jkit-menu-container\"><ul id=\"menu-menujaime\" class=\"jkit-menu jkit-menu-direction-block jkit-submenu-position-top\"><li id=\"menu-item-161\" class=\"menu-item menu-item-type-post_type menu-item-object-page menu-item-home menu-item-161\"><a href=\"https:\/\/drjaimeponcedeleon.com.mx\/es\/\">Inicio<\/a><\/li>\n<li id=\"menu-item-181\" class=\"menu-item menu-item-type-post_type menu-item-object-page menu-item-181\"><a href=\"https:\/\/drjaimeponcedeleon.com.mx\/es\/medical-form\/\">Formulario M\u00e9dico<\/a><\/li>\n<li id=\"menu-item-242\" class=\"menu-item menu-item-type-post_type menu-item-object-page menu-item-has-children menu-item-242\"><a href=\"https:\/\/drjaimeponcedeleon.com.mx\/es\/procedures\/\">Procedimientos<\/a>\n<ul class=\"sub-menu\">\n\t<li id=\"menu-item-253\" class=\"menu-item menu-item-type-post_type menu-item-object-page menu-item-253\"><a href=\"https:\/\/drjaimeponcedeleon.com.mx\/es\/bariatric-revision-surgery\/\">Cirug\u00eda de revisi\u00f3n bari\u00e1trica<\/a><\/li>\n\t<li id=\"menu-item-261\" class=\"menu-item menu-item-type-post_type menu-item-object-page menu-item-261\"><a href=\"https:\/\/drjaimeponcedeleon.com.mx\/es\/intragastric-balloon\/\">Bal\u00f3n Intrag\u00e1strico<\/a><\/li>\n\t<li id=\"menu-item-269\" class=\"menu-item menu-item-type-post_type menu-item-object-page menu-item-269\"><a href=\"https:\/\/drjaimeponcedeleon.com.mx\/es\/hiatal-hernia-repair\/\">Reparaci\u00f3n de Hernia<\/a><\/li>\n\t<li id=\"menu-item-281\" class=\"menu-item menu-item-type-post_type menu-item-object-page menu-item-281\"><a href=\"https:\/\/drjaimeponcedeleon.com.mx\/es\/sils-gastric-sleeve-surgery\/\">SILS Manga G\u00e1strica<\/a><\/li>\n\t<li id=\"menu-item-290\" class=\"menu-item menu-item-type-post_type menu-item-object-page menu-item-290\"><a href=\"https:\/\/drjaimeponcedeleon.com.mx\/es\/sadi-s-surgery\/\">SADI-S<\/a><\/li>\n\t<li id=\"menu-item-299\" class=\"menu-item menu-item-type-post_type menu-item-object-page menu-item-299\"><a href=\"https:\/\/drjaimeponcedeleon.com.mx\/es\/duodenal-switch\/\">Duodenal<\/a><\/li>\n\t<li id=\"menu-item-308\" class=\"menu-item menu-item-type-post_type menu-item-object-page menu-item-308\"><a href=\"https:\/\/drjaimeponcedeleon.com.mx\/es\/gastric-bypass-surgery\/\">Bypass G\u00e1strico<\/a><\/li>\n<\/ul>\n<\/li>\n<li id=\"menu-item-342\" class=\"menu-item menu-item-type-post_type menu-item-object-page menu-item-342\"><a href=\"https:\/\/drjaimeponcedeleon.com.mx\/es\/bariatric-patients\/\">Pacientes Bari\u00e1tricos<\/a><\/li>\n<li id=\"menu-item-317\" class=\"menu-item menu-item-type-post_type menu-item-object-page menu-item-317\"><a href=\"https:\/\/drjaimeponcedeleon.com.mx\/es\/contact\/\">Contacto<\/a><\/li>\n<\/ul><\/div>\n            <div class=\"jkit-nav-identity-panel\">\n                <div class=\"jkit-nav-site-title\"><a href=\"https:\/\/drjaimeponcedeleon.com.mx\/es\" class=\"jkit-nav-logo\" aria-label=\"Home Link\"><\/a><\/div>\n                <button aria-label=\"close-menu\" class=\"jkit-close-menu\"><i aria-hidden=\"true\" class=\"fas fa-times\"><\/i><\/button>\n            <\/div>\n        <\/div>\n        <div class=\"jkit-overlay\"><\/div><\/div>\t\t\t\t<\/div>\n\t\t\t\t<\/div>\n\t\t\t\t<\/div>\n\t\t\t\t\t<\/div>\n\t\t\t\t<\/div>\n\t\t\t\t<\/div>","protected":false},"excerpt":{"rendered":"<p>Procedures Hiatal Hernia Repair A Hiatal Hernia is a herniation of the upper part of the stomach into the thorax through the esophageal hiatus the most common cause is obesity and is cause by a tear or weakness in the diaphragm often is related to heartburn but may also cause chest pain or pain with [&hellip;]<\/p>\n","protected":false},"author":1,"featured_media":0,"parent":0,"menu_order":0,"comment_status":"closed","ping_status":"closed","template":"elementor_header_footer","meta":{"footnotes":""},"class_list":["post-268","page","type-page","status-publish","hentry"],"_links":{"self":[{"href":"https:\/\/drjaimeponcedeleon.com.mx\/es\/wp-json\/wp\/v2\/pages\/268","targetHints":{"allow":["GET"]}}],"collection":[{"href":"https:\/\/drjaimeponcedeleon.com.mx\/es\/wp-json\/wp\/v2\/pages"}],"about":[{"href":"https:\/\/drjaimeponcedeleon.com.mx\/es\/wp-json\/wp\/v2\/types\/page"}],"author":[{"embeddable":true,"href":"https:\/\/drjaimeponcedeleon.com.mx\/es\/wp-json\/wp\/v2\/users\/1"}],"replies":[{"embeddable":true,"href":"https:\/\/drjaimeponcedeleon.com.mx\/es\/wp-json\/wp\/v2\/comments?post=268"}],"version-history":[{"count":0,"href":"https:\/\/drjaimeponcedeleon.com.mx\/es\/wp-json\/wp\/v2\/pages\/268\/revisions"}],"wp:attachment":[{"href":"https:\/\/drjaimeponcedeleon.com.mx\/es\/wp-json\/wp\/v2\/media?parent=268"}],"curies":[{"name":"wp","href":"https:\/\/api.w.org\/{rel}","templated":true}]}}