{"id":280,"date":"2023-09-20T07:31:16","date_gmt":"2023-09-20T07:31:16","guid":{"rendered":"https:\/\/mujerimpacta.com\/?page_id=280"},"modified":"2023-09-20T07:33:26","modified_gmt":"2023-09-20T07:33:26","slug":"sils-gastric-sleeve-surgery","status":"publish","type":"page","link":"https:\/\/drjaimeponcedeleon.com.mx\/es\/sils-gastric-sleeve-surgery\/","title":{"rendered":"SILS Manga G\u00e1strica"},"content":{"rendered":"<div data-elementor-type=\"wp-page\" data-elementor-id=\"280\" class=\"elementor elementor-280\" data-elementor-post-type=\"page\">\n\t\t\t\t<div class=\"elementor-element elementor-element-e72216b e-flex e-con-boxed e-con e-parent\" data-id=\"e72216b\" data-element_type=\"container\" data-e-type=\"container\" data-settings=\"{&quot;background_background&quot;:&quot;classic&quot;}\">\n\t\t\t\t\t<div class=\"e-con-inner\">\n\t\t\t\t<div class=\"elementor-element elementor-element-41010f61 elementor-widget elementor-widget-heading\" data-id=\"41010f61\" data-element_type=\"widget\" data-e-type=\"widget\" data-widget_type=\"heading.default\">\n\t\t\t\t<div class=\"elementor-widget-container\">\n\t\t\t\t\t<h2 class=\"elementor-heading-title elementor-size-default\">Procedimientos<\/h2>\t\t\t\t<\/div>\n\t\t\t\t<\/div>\n\t\t\t\t\t<\/div>\n\t\t\t\t<\/div>\n\t\t<div class=\"elementor-element elementor-element-e6a2632 e-flex e-con-boxed e-con e-parent\" data-id=\"e6a2632\" data-element_type=\"container\" data-e-type=\"container\">\n\t\t\t\t\t<div class=\"e-con-inner\">\n\t\t\t\t<div class=\"elementor-element elementor-element-5f1c8649 elementor-widget elementor-widget-heading\" data-id=\"5f1c8649\" data-element_type=\"widget\" data-e-type=\"widget\" data-widget_type=\"heading.default\">\n\t\t\t\t<div class=\"elementor-widget-container\">\n\t\t\t\t\t<h2 class=\"elementor-heading-title elementor-size-default\">SILS Manga G\u00e1strica<\/h2>\t\t\t\t<\/div>\n\t\t\t\t<\/div>\n\t\t\t\t\t<\/div>\n\t\t\t\t<\/div>\n\t\t<div class=\"elementor-element elementor-element-2b878ed0 e-flex e-con-boxed e-con e-parent\" data-id=\"2b878ed0\" data-element_type=\"container\" data-e-type=\"container\">\n\t\t\t\t\t<div class=\"e-con-inner\">\n\t\t<div class=\"elementor-element elementor-element-27398dca e-con-full e-flex e-con e-child\" data-id=\"27398dca\" data-element_type=\"container\" data-e-type=\"container\">\n\t\t<div class=\"elementor-element elementor-element-2634a32e e-flex e-con-boxed e-con e-child\" data-id=\"2634a32e\" data-element_type=\"container\" data-e-type=\"container\">\n\t\t\t\t\t<div class=\"e-con-inner\">\n\t\t\t\t<div class=\"elementor-element elementor-element-6273238 elementor-widget__width-initial elementor-widget elementor-widget-text-editor\" data-id=\"6273238\" data-element_type=\"widget\" data-e-type=\"widget\" data-widget_type=\"text-editor.default\">\n\t\t\t\t<div class=\"elementor-widget-container\">\n\t\t\t\t\t\t\t\t\t<p><img fetchpriority=\"high\" decoding=\"async\" class=\"size-medium wp-image-285 alignright\" src=\"https:\/\/mujerimpacta.com\/wp-content\/uploads\/2023\/09\/sleeve-768x994-2-232x300.png\" alt=\"\" width=\"232\" height=\"300\" srcset=\"https:\/\/drjaimeponcedeleon.com.mx\/wp-content\/uploads\/2023\/09\/sleeve-768x994-2-232x300.png 232w, https:\/\/drjaimeponcedeleon.com.mx\/wp-content\/uploads\/2023\/09\/sleeve-768x994-2-9x12.png 9w, https:\/\/drjaimeponcedeleon.com.mx\/wp-content\/uploads\/2023\/09\/sleeve-768x994-2.png 768w\" sizes=\"(max-width: 232px) 100vw, 232px\" \/>La cirug\u00eda laparosc\u00f3pica sola incisi\u00f3n tambi\u00e9n conocido como SILS es un maestro de la t\u00e9cnica de antemano s\u00f3lo por unos pocos cirujanos laparosc\u00f3picos esta t\u00e9cnica puede ser utilizado por alg\u00fan procedimiento de cirug\u00eda general y alg\u00fan procedimiento bari\u00e1trica cirug\u00eda de manga g\u00e1strica en especial. SILS manga g\u00e1strica es un procedimiento para pacientes realmente preocupaci\u00f3n en el aspecto est\u00e9tico. El equipo especial es el lugar en el ombligo no viven cicatriz en el abdomen, el drenaje es lugar aparte del tama\u00f1o del abdomen.<\/p><p>Esta cirug\u00eda toma alrededor de 45 minutos a 1 hora en la sala de operaciones, 30 minutos a 1 hora en la sala de recuperaci\u00f3n. Despu\u00e9s de 4 horas el paciente es capaz de caminar, la recuperaci\u00f3n es muy r\u00e1pida una de las ventajas de la cirug\u00eda laparosc\u00f3pica. Todos los medicamentos como los antibi\u00f3ticos, las n\u00e1useas, y los analg\u00e9sicos son Administrar por v\u00eda intravenosa, un drenaje de Jackson Pratt se deja para la seguridad del paciente el cual se retira al cabo del tercer d\u00eda de hospitalizaci\u00f3n. La cirug\u00eda requiere de 3 d\u00edas de hospital. Todos nuestros pacientes reciben una habitaci\u00f3n privada con TV, aire acondicionado, ba\u00f1o, y un sof\u00e1 donde un compa\u00f1ero puede pasar la noche.<\/p>\t\t\t\t\t\t\t\t<\/div>\n\t\t\t\t<\/div>\n\t\t\t\t\t<\/div>\n\t\t\t\t<\/div>\n\t\t<div class=\"elementor-element elementor-element-1ebf496c e-flex e-con-boxed e-con e-child\" data-id=\"1ebf496c\" data-element_type=\"container\" data-e-type=\"container\">\n\t\t\t\t\t<div class=\"e-con-inner\">\n\t\t\t\t<div class=\"elementor-element elementor-element-6a14727 elementor-widget elementor-widget-heading\" data-id=\"6a14727\" data-element_type=\"widget\" data-e-type=\"widget\" data-widget_type=\"heading.default\">\n\t\t\t\t<div class=\"elementor-widget-container\">\n\t\t\t\t\t<h2 class=\"elementor-heading-title elementor-size-default\">Advantages of the SILS Gastric Sleeve Surgery<\/h2>\t\t\t\t<\/div>\n\t\t\t\t<\/div>\n\t\t\t\t<div class=\"elementor-element elementor-element-4d2cc368 elementor-widget__width-initial ekit-equal-height-disable elementor-invisible elementor-widget elementor-widget-elementskit-icon-box\" data-id=\"4d2cc368\" data-element_type=\"widget\" data-e-type=\"widget\" data-settings=\"{&quot;_animation&quot;:&quot;slideInRight&quot;,&quot;_animation_delay&quot;:0}\" data-widget_type=\"elementskit-icon-box.default\">\n\t\t\t\t<div class=\"elementor-widget-container\">\n\t\t\t\t\t<div class=\"ekit-wid-con\" >        <!-- link opening -->\n                <a href=\"#\" class=\"ekit_global_links\">\n                <!-- end link opening -->\n\n        <div class=\"elementskit-infobox text- text-left icon-lef-right-aligin elementor-animation- media\">\n                    <div class=\"elementskit-box-header elementor-animation-\">\n                <div class=\"elementskit-info-box-icon  text-center\">\n                    <i aria-hidden=\"true\" class=\"elementkit-infobox-icon fas fa-briefcase-medical\"><\/i>\n                <\/div>\n          <\/div>\n                        <div class=\"box-body\">\n                            <span class=\"elementskit-info-box-title\">\n                    R\u00e1pida Recuperaci\u00f3n                <\/span>\n                        \t\t  \t<p>El paciente experimentar\u00e1 una recuperaci\u00f3n muy r\u00e1pida durante los 3 d\u00edas de hospitalizaci\u00f3n de un paciente puede volver al trabajo despu\u00e9s de una semana de la cirug\u00eda.<\/p>\n                                <\/div>\n        \n        \n                <\/div>\n                <\/a>\n        <\/div>\t\t\t\t<\/div>\n\t\t\t\t<\/div>\n\t\t\t\t<div class=\"elementor-element elementor-element-7f2f03c7 elementor-widget__width-initial ekit-equal-height-disable elementor-invisible elementor-widget elementor-widget-elementskit-icon-box\" data-id=\"7f2f03c7\" data-element_type=\"widget\" data-e-type=\"widget\" data-settings=\"{&quot;_animation&quot;:&quot;slideInRight&quot;,&quot;_animation_delay&quot;:900}\" data-widget_type=\"elementskit-icon-box.default\">\n\t\t\t\t<div class=\"elementor-widget-container\">\n\t\t\t\t\t<div class=\"ekit-wid-con\" >        <!-- link opening -->\n                <a href=\"#\" class=\"ekit_global_links\">\n                <!-- end link opening -->\n\n        <div class=\"elementskit-infobox text- text-left icon-lef-right-aligin elementor-animation- media\">\n                    <div class=\"elementskit-box-header elementor-animation-\">\n                <div class=\"elementskit-info-box-icon  text-center\">\n                    <i aria-hidden=\"true\" class=\"elementkit-infobox-icon fas fa-apple-alt\"><\/i>\n                <\/div>\n          <\/div>\n                        <div class=\"box-body\">\n                            <span class=\"elementskit-info-box-title\">\n                    Menos Hambre                <\/span>\n                        \t\t  \t<p>Esta cirug\u00eda elimina el \u00e1rea de producci\u00f3n de la ghrelina la cual es responsable del hambre. Cuando la gente hace esta cirug\u00eda siempre mencionar que comemos porque nos dice que comamos no porque tenemos hambre.<\/p>\n                                <\/div>\n        \n        \n                <\/div>\n                <\/a>\n        <\/div>\t\t\t\t<\/div>\n\t\t\t\t<\/div>\n\t\t\t\t<div class=\"elementor-element elementor-element-2ec33657 elementor-widget__width-initial ekit-equal-height-disable elementor-invisible elementor-widget elementor-widget-elementskit-icon-box\" data-id=\"2ec33657\" data-element_type=\"widget\" data-e-type=\"widget\" data-settings=\"{&quot;_animation&quot;:&quot;slideInRight&quot;,&quot;_animation_delay&quot;:1100}\" data-widget_type=\"elementskit-icon-box.default\">\n\t\t\t\t<div class=\"elementor-widget-container\">\n\t\t\t\t\t<div class=\"ekit-wid-con\" >        <!-- link opening -->\n                <a href=\"#\" class=\"ekit_global_links\">\n                <!-- end link opening -->\n\n        <div class=\"elementskit-infobox text- text-left icon-lef-right-aligin elementor-animation- media\">\n                    <div class=\"elementskit-box-header elementor-animation-\">\n                <div class=\"elementskit-info-box-icon  text-center\">\n                    <i aria-hidden=\"true\" class=\"elementkit-infobox-icon fas fa-notes-medical\"><\/i>\n                <\/div>\n          <\/div>\n                        <div class=\"box-body\">\n                            <span class=\"elementskit-info-box-title\">\n                    Regula Los Niveles De Az\u00facar                <\/span>\n                        \t\t  \t<p>Es ideal para las personas con enfermedades metab\u00f3licas relacionadas con el sobrepeso como la diabetes, la hipertensi\u00f3n y o colesterol.<\/p>\n                                <\/div>\n        \n        \n                <\/div>\n                <\/a>\n        <\/div>\t\t\t\t<\/div>\n\t\t\t\t<\/div>\n\t\t\t\t<div class=\"elementor-element elementor-element-12406dff elementor-widget__width-initial ekit-equal-height-disable elementor-invisible elementor-widget elementor-widget-elementskit-icon-box\" data-id=\"12406dff\" data-element_type=\"widget\" data-e-type=\"widget\" data-settings=\"{&quot;_animation&quot;:&quot;slideInRight&quot;,&quot;_animation_delay&quot;:300}\" data-widget_type=\"elementskit-icon-box.default\">\n\t\t\t\t<div class=\"elementor-widget-container\">\n\t\t\t\t\t<div class=\"ekit-wid-con\" >        <!-- link opening -->\n                <a href=\"#\" class=\"ekit_global_links\">\n                <!-- end link opening -->\n\n        <div class=\"elementskit-infobox text- text-left icon-lef-right-aligin elementor-animation- media\">\n                    <div class=\"elementskit-box-header elementor-animation-\">\n                <div class=\"elementskit-info-box-icon  text-center\">\n                    <i aria-hidden=\"true\" class=\"elementkit-infobox-icon jki jki-checked1-light\"><\/i>\n                <\/div>\n          <\/div>\n                        <div class=\"box-body\">\n                            <span class=\"elementskit-info-box-title\">\n                    \u00c9xito De P\u00e9rdida De Peso                <\/span>\n                        \t\t  \t<p>P\u00e9rdida r\u00e1pida de peso en funci\u00f3n del peso inicial. Por lo general se experimenta una perdida durante el primer mes de 15 a 30, y una perdida ponderal durante los primeros 6 a 8 meses hasta perder un total de 75% del exceso de peso.<\/p>\n                                <\/div>\n        \n        \n                <\/div>\n                <\/a>\n        <\/div>\t\t\t\t<\/div>\n\t\t\t\t<\/div>\n\t\t\t\t<div class=\"elementor-element elementor-element-66988169 elementor-widget__width-initial ekit-equal-height-disable elementor-invisible elementor-widget elementor-widget-elementskit-icon-box\" data-id=\"66988169\" data-element_type=\"widget\" data-e-type=\"widget\" data-settings=\"{&quot;_animation&quot;:&quot;slideInRight&quot;,&quot;_animation_delay&quot;:1100}\" data-widget_type=\"elementskit-icon-box.default\">\n\t\t\t\t<div class=\"elementor-widget-container\">\n\t\t\t\t\t<div class=\"ekit-wid-con\" >        <!-- link opening -->\n                <a href=\"#\" class=\"ekit_global_links\">\n                <!-- end link opening -->\n\n        <div class=\"elementskit-infobox text- text-left icon-lef-right-aligin elementor-animation- media\">\n                    <div class=\"elementskit-box-header elementor-animation-\">\n                <div class=\"elementskit-info-box-icon  text-center\">\n                    <i aria-hidden=\"true\" class=\"elementkit-infobox-icon fas fa-notes-medical\"><\/i>\n                <\/div>\n          <\/div>\n                        <div class=\"box-body\">\n                            <span class=\"elementskit-info-box-title\">\n                    Reduce el dolor postoperatorio                <\/span>\n                        \t\t  \t<p>El paciente experimentar\u00e1 menor n\u00famero de incisiones con menos dolor y una recuperaci\u00f3n m\u00e1s r\u00e1pida<\/p>\n                                <\/div>\n        \n        \n                <\/div>\n                <\/a>\n        <\/div>\t\t\t\t<\/div>\n\t\t\t\t<\/div>\n\t\t\t\t\t<\/div>\n\t\t\t\t<\/div>\n\t\t\t\t<\/div>\n\t\t<div class=\"elementor-element elementor-element-691b3266 e-con-full e-flex e-con e-child\" data-id=\"691b3266\" data-element_type=\"container\" data-e-type=\"container\" data-settings=\"{&quot;background_background&quot;:&quot;classic&quot;}\">\n\t\t\t\t<div class=\"elementor-element elementor-element-3feef339 elementor-widget elementor-widget-heading\" data-id=\"3feef339\" data-element_type=\"widget\" data-e-type=\"widget\" data-widget_type=\"heading.default\">\n\t\t\t\t<div class=\"elementor-widget-container\">\n\t\t\t\t\t<h6 class=\"elementor-heading-title elementor-size-default\">Procedimientos<\/h6>\t\t\t\t<\/div>\n\t\t\t\t<\/div>\n\t\t\t\t<div class=\"elementor-element elementor-element-2e725242 elementor-widget elementor-widget-jkit_nav_menu\" data-id=\"2e725242\" data-element_type=\"widget\" data-e-type=\"widget\" data-widget_type=\"jkit_nav_menu.default\">\n\t\t\t\t<div class=\"elementor-widget-container\">\n\t\t\t\t\t<div  class=\"jeg-elementor-kit jkit-nav-menu break-point-tablet submenu-click-title jeg_module___69f227872e7c2\"  data-item-indicator=\"&lt;i aria-hidden=&quot;true&quot; class=&quot;fas fa-angle-down&quot;&gt;&lt;\/i&gt;\"><button aria-label=\"open-menu\" class=\"jkit-hamburger-menu\"><i aria-hidden=\"true\" class=\"fas fa-bars\"><\/i><\/button>\n        <div class=\"jkit-menu-wrapper\"><div class=\"jkit-menu-container\"><ul id=\"menu-menujaime\" class=\"jkit-menu jkit-menu-direction-block jkit-submenu-position-top\"><li id=\"menu-item-161\" class=\"menu-item menu-item-type-post_type menu-item-object-page menu-item-home menu-item-161\"><a href=\"https:\/\/drjaimeponcedeleon.com.mx\/es\/\">Inicio<\/a><\/li>\n<li id=\"menu-item-181\" class=\"menu-item menu-item-type-post_type menu-item-object-page menu-item-181\"><a href=\"https:\/\/drjaimeponcedeleon.com.mx\/es\/medical-form\/\">Formulario M\u00e9dico<\/a><\/li>\n<li id=\"menu-item-242\" class=\"menu-item menu-item-type-post_type menu-item-object-page menu-item-has-children menu-item-242\"><a href=\"https:\/\/drjaimeponcedeleon.com.mx\/es\/procedures\/\">Procedimientos<\/a>\n<ul class=\"sub-menu\">\n\t<li id=\"menu-item-253\" class=\"menu-item menu-item-type-post_type menu-item-object-page menu-item-253\"><a href=\"https:\/\/drjaimeponcedeleon.com.mx\/es\/bariatric-revision-surgery\/\">Cirug\u00eda de revisi\u00f3n bari\u00e1trica<\/a><\/li>\n\t<li id=\"menu-item-261\" class=\"menu-item menu-item-type-post_type menu-item-object-page menu-item-261\"><a href=\"https:\/\/drjaimeponcedeleon.com.mx\/es\/intragastric-balloon\/\">Bal\u00f3n Intrag\u00e1strico<\/a><\/li>\n\t<li id=\"menu-item-269\" class=\"menu-item menu-item-type-post_type menu-item-object-page menu-item-269\"><a href=\"https:\/\/drjaimeponcedeleon.com.mx\/es\/hiatal-hernia-repair\/\">Reparaci\u00f3n de Hernia<\/a><\/li>\n\t<li id=\"menu-item-281\" class=\"menu-item menu-item-type-post_type menu-item-object-page menu-item-281\"><a href=\"https:\/\/drjaimeponcedeleon.com.mx\/es\/sils-gastric-sleeve-surgery\/\">SILS Manga G\u00e1strica<\/a><\/li>\n\t<li id=\"menu-item-290\" class=\"menu-item menu-item-type-post_type menu-item-object-page menu-item-290\"><a href=\"https:\/\/drjaimeponcedeleon.com.mx\/es\/sadi-s-surgery\/\">SADI-S<\/a><\/li>\n\t<li id=\"menu-item-299\" class=\"menu-item menu-item-type-post_type menu-item-object-page menu-item-299\"><a href=\"https:\/\/drjaimeponcedeleon.com.mx\/es\/duodenal-switch\/\">Duodenal<\/a><\/li>\n\t<li id=\"menu-item-308\" class=\"menu-item menu-item-type-post_type menu-item-object-page menu-item-308\"><a href=\"https:\/\/drjaimeponcedeleon.com.mx\/es\/gastric-bypass-surgery\/\">Bypass G\u00e1strico<\/a><\/li>\n<\/ul>\n<\/li>\n<li id=\"menu-item-342\" class=\"menu-item menu-item-type-post_type menu-item-object-page menu-item-342\"><a href=\"https:\/\/drjaimeponcedeleon.com.mx\/es\/bariatric-patients\/\">Pacientes Bari\u00e1tricos<\/a><\/li>\n<li id=\"menu-item-317\" class=\"menu-item menu-item-type-post_type menu-item-object-page menu-item-317\"><a href=\"https:\/\/drjaimeponcedeleon.com.mx\/es\/contact\/\">Contacto<\/a><\/li>\n<\/ul><\/div>\n            <div class=\"jkit-nav-identity-panel\">\n                <div class=\"jkit-nav-site-title\"><a href=\"https:\/\/drjaimeponcedeleon.com.mx\/es\" class=\"jkit-nav-logo\" aria-label=\"Home Link\"><\/a><\/div>\n                <button aria-label=\"close-menu\" class=\"jkit-close-menu\"><i aria-hidden=\"true\" class=\"fas fa-times\"><\/i><\/button>\n            <\/div>\n        <\/div>\n        <div class=\"jkit-overlay\"><\/div><\/div>\t\t\t\t<\/div>\n\t\t\t\t<\/div>\n\t\t\t\t<\/div>\n\t\t\t\t\t<\/div>\n\t\t\t\t<\/div>\n\t\t\t\t<\/div>","protected":false},"excerpt":{"rendered":"<p>Procedures SILS Gastric Sleeve Surgery Single Incision Laparoscopic Surgery also known as SILS is an advance technique master only by a few laparoscopic surgeons this technique can be use on some general surgery procedure and some bariatric procedure especially gastric sleeve surgery. Gastric sleeve SILS is a procedure for patients really concern on the aesthetic [&hellip;]<\/p>\n","protected":false},"author":1,"featured_media":0,"parent":0,"menu_order":0,"comment_status":"closed","ping_status":"closed","template":"elementor_header_footer","meta":{"footnotes":""},"class_list":["post-280","page","type-page","status-publish","hentry"],"_links":{"self":[{"href":"https:\/\/drjaimeponcedeleon.com.mx\/es\/wp-json\/wp\/v2\/pages\/280","targetHints":{"allow":["GET"]}}],"collection":[{"href":"https:\/\/drjaimeponcedeleon.com.mx\/es\/wp-json\/wp\/v2\/pages"}],"about":[{"href":"https:\/\/drjaimeponcedeleon.com.mx\/es\/wp-json\/wp\/v2\/types\/page"}],"author":[{"embeddable":true,"href":"https:\/\/drjaimeponcedeleon.com.mx\/es\/wp-json\/wp\/v2\/users\/1"}],"replies":[{"embeddable":true,"href":"https:\/\/drjaimeponcedeleon.com.mx\/es\/wp-json\/wp\/v2\/comments?post=280"}],"version-history":[{"count":0,"href":"https:\/\/drjaimeponcedeleon.com.mx\/es\/wp-json\/wp\/v2\/pages\/280\/revisions"}],"wp:attachment":[{"href":"https:\/\/drjaimeponcedeleon.com.mx\/es\/wp-json\/wp\/v2\/media?parent=280"}],"curies":[{"name":"wp","href":"https:\/\/api.w.org\/{rel}","templated":true}]}}