{"id":289,"date":"2023-09-20T07:35:20","date_gmt":"2023-09-20T07:35:20","guid":{"rendered":"https:\/\/mujerimpacta.com\/?page_id=289"},"modified":"2023-09-20T07:36:56","modified_gmt":"2023-09-20T07:36:56","slug":"sadi-s-surgery","status":"publish","type":"page","link":"https:\/\/drjaimeponcedeleon.com.mx\/es\/sadi-s-surgery\/","title":{"rendered":"SADI-S"},"content":{"rendered":"<div data-elementor-type=\"wp-page\" data-elementor-id=\"289\" class=\"elementor elementor-289\" data-elementor-post-type=\"page\">\n\t\t\t\t<div class=\"elementor-element elementor-element-d549756 e-flex e-con-boxed e-con e-parent\" data-id=\"d549756\" data-element_type=\"container\" data-e-type=\"container\" data-settings=\"{&quot;background_background&quot;:&quot;classic&quot;}\">\n\t\t\t\t\t<div class=\"e-con-inner\">\n\t\t\t\t<div class=\"elementor-element elementor-element-ea211fe elementor-widget elementor-widget-heading\" data-id=\"ea211fe\" data-element_type=\"widget\" data-e-type=\"widget\" data-widget_type=\"heading.default\">\n\t\t\t\t<div class=\"elementor-widget-container\">\n\t\t\t\t\t<h2 class=\"elementor-heading-title elementor-size-default\">Procedimientos<\/h2>\t\t\t\t<\/div>\n\t\t\t\t<\/div>\n\t\t\t\t\t<\/div>\n\t\t\t\t<\/div>\n\t\t<div class=\"elementor-element elementor-element-3902b101 e-flex e-con-boxed e-con e-parent\" data-id=\"3902b101\" data-element_type=\"container\" data-e-type=\"container\">\n\t\t\t\t\t<div class=\"e-con-inner\">\n\t\t\t\t<div class=\"elementor-element elementor-element-1ac54d35 elementor-widget elementor-widget-heading\" data-id=\"1ac54d35\" data-element_type=\"widget\" data-e-type=\"widget\" data-widget_type=\"heading.default\">\n\t\t\t\t<div class=\"elementor-widget-container\">\n\t\t\t\t\t<h2 class=\"elementor-heading-title elementor-size-default\">SADI-S<\/h2>\t\t\t\t<\/div>\n\t\t\t\t<\/div>\n\t\t\t\t\t<\/div>\n\t\t\t\t<\/div>\n\t\t<div class=\"elementor-element elementor-element-a2277af e-flex e-con-boxed e-con e-parent\" data-id=\"a2277af\" data-element_type=\"container\" data-e-type=\"container\">\n\t\t\t\t\t<div class=\"e-con-inner\">\n\t\t<div class=\"elementor-element elementor-element-6e1cc67d e-con-full e-flex e-con e-child\" data-id=\"6e1cc67d\" data-element_type=\"container\" data-e-type=\"container\">\n\t\t<div class=\"elementor-element elementor-element-170f00ca e-flex e-con-boxed e-con e-child\" data-id=\"170f00ca\" data-element_type=\"container\" data-e-type=\"container\">\n\t\t\t\t\t<div class=\"e-con-inner\">\n\t\t\t\t<div class=\"elementor-element elementor-element-2a56683c elementor-widget__width-initial elementor-widget elementor-widget-text-editor\" data-id=\"2a56683c\" data-element_type=\"widget\" data-e-type=\"widget\" data-widget_type=\"text-editor.default\">\n\t\t\t\t<div class=\"elementor-widget-container\">\n\t\t\t\t\t\t\t\t\t<p><img fetchpriority=\"high\" decoding=\"async\" class=\"size-medium wp-image-294 alignright\" src=\"https:\/\/mujerimpacta.com\/wp-content\/uploads\/2023\/09\/sadis-768x994-1-232x300.png\" alt=\"\" width=\"232\" height=\"300\" srcset=\"https:\/\/drjaimeponcedeleon.com.mx\/wp-content\/uploads\/2023\/09\/sadis-768x994-1-232x300.png 232w, https:\/\/drjaimeponcedeleon.com.mx\/wp-content\/uploads\/2023\/09\/sadis-768x994-1-9x12.png 9w, https:\/\/drjaimeponcedeleon.com.mx\/wp-content\/uploads\/2023\/09\/sadis-768x994-1.png 768w\" sizes=\"(max-width: 232px) 100vw, 232px\" \/>Los SADI-S (derivaci\u00f3n duodeno-ileal con manga g\u00e1strica de una sola anastomosis) un nuevo procedimiento bari\u00e1trico que se compone de una v\u00eda restrictiva y una mala-absorci\u00f3n con altos resultados y menos invasivo que un bypass Roux y.<\/p><p>La porci\u00f3n restrictiva de la cirug\u00eda consiste en la eliminaci\u00f3n de 75 a 80% (manga g\u00e1strica) y la parte mala-absorci\u00f3n de la cirug\u00eda reencamina una porci\u00f3n largo del intestino delgado.<\/p><p>Recomendamos los cruces duodenales como segundo tiempo en los pacientes ya tienen la manga g\u00e1strica y a\u00fan tienen exceso de peso considerable o gran problema para mantenerlo, es excelente para el \u00e9xito a largo plazo, as\u00ed en las siguientes observaciones fueron reportados en la resoluci\u00f3n de las comorbilidades relacionadas con la obesidad siguientes del cruce duodenal: Tipo diabetes 2 99%, hiperlipidemia 99%, apnea del sue\u00f1o 92%, y la hipertensi\u00f3n 83%. Tambi\u00e9n los pacientes tienen una mayor incidencia de flatos maloliente y diarrea, aunque ambos pueden ser mitigados por lo general a trav\u00e9s de la dieta, incluyendo evitar los carbohidratos simples.<\/p><p>Esta cirug\u00eda toma alrededor de 2.30hrs a 3 horas en la sala de operaciones, 30 minutos a 1 hora en la sala de recuperaci\u00f3n. Despu\u00e9s de 4 horas el paciente es capaz de caminar, la recuperaci\u00f3n es muy r\u00e1pida una de las ventajas de la cirug\u00eda laparosc\u00f3pica. Todos los medicamentos como los antibi\u00f3ticos, las n\u00e1useas, y los analg\u00e9sicos son Administrar por v\u00eda intravenosa, un drenaje de Jackson Pratt se deja para la seguridad del paciente el cual se retira al cabo del tercer d\u00eda de hospitalizaci\u00f3n. La cirug\u00eda requiere de 3 d\u00edas de hospital. Todos nuestros pacientes reciben una habitaci\u00f3n privada con TV, aire acondicionado, ba\u00f1o, y un sof\u00e1 donde un compa\u00f1ero puede pasar la noche.<\/p>\t\t\t\t\t\t\t\t<\/div>\n\t\t\t\t<\/div>\n\t\t\t\t\t<\/div>\n\t\t\t\t<\/div>\n\t\t<div class=\"elementor-element elementor-element-38c0c9b e-flex e-con-boxed e-con e-child\" data-id=\"38c0c9b\" data-element_type=\"container\" data-e-type=\"container\">\n\t\t\t\t\t<div class=\"e-con-inner\">\n\t\t\t\t<div class=\"elementor-element elementor-element-6c7eaae7 elementor-widget elementor-widget-heading\" data-id=\"6c7eaae7\" data-element_type=\"widget\" data-e-type=\"widget\" data-widget_type=\"heading.default\">\n\t\t\t\t<div class=\"elementor-widget-container\">\n\t\t\t\t\t<h2 class=\"elementor-heading-title elementor-size-default\">Ventajas del SADI-S<\/h2>\t\t\t\t<\/div>\n\t\t\t\t<\/div>\n\t\t\t\t<div class=\"elementor-element elementor-element-285f8414 elementor-widget__width-initial ekit-equal-height-disable elementor-invisible elementor-widget elementor-widget-elementskit-icon-box\" data-id=\"285f8414\" data-element_type=\"widget\" data-e-type=\"widget\" data-settings=\"{&quot;_animation&quot;:&quot;slideInRight&quot;,&quot;_animation_delay&quot;:0}\" data-widget_type=\"elementskit-icon-box.default\">\n\t\t\t\t<div class=\"elementor-widget-container\">\n\t\t\t\t\t<div class=\"ekit-wid-con\" >        <!-- link opening -->\n                <a href=\"#\" class=\"ekit_global_links\">\n                <!-- end link opening -->\n\n        <div class=\"elementskit-infobox text- text-left icon-lef-right-aligin elementor-animation- media\">\n                    <div class=\"elementskit-box-header elementor-animation-\">\n                <div class=\"elementskit-info-box-icon  text-center\">\n                    <i aria-hidden=\"true\" class=\"elementkit-infobox-icon fas fa-briefcase-medical\"><\/i>\n                <\/div>\n          <\/div>\n                        <div class=\"box-body\">\n                            <span class=\"elementskit-info-box-title\">\n                    R\u00e1pida Recuperaci\u00f3n                <\/span>\n                        \t\t  \t<p>El paciente experimentar\u00e1 una recuperaci\u00f3n muy r\u00e1pida durante los 3 d\u00edas de hospitalizaci\u00f3n de un paciente puede volver al trabajo despu\u00e9s de una semana de la cirug\u00eda.<\/p>\n                                <\/div>\n        \n        \n                <\/div>\n                <\/a>\n        <\/div>\t\t\t\t<\/div>\n\t\t\t\t<\/div>\n\t\t\t\t<div class=\"elementor-element elementor-element-1958dca6 elementor-widget__width-initial ekit-equal-height-disable elementor-invisible elementor-widget elementor-widget-elementskit-icon-box\" data-id=\"1958dca6\" data-element_type=\"widget\" data-e-type=\"widget\" data-settings=\"{&quot;_animation&quot;:&quot;slideInRight&quot;,&quot;_animation_delay&quot;:900}\" data-widget_type=\"elementskit-icon-box.default\">\n\t\t\t\t<div class=\"elementor-widget-container\">\n\t\t\t\t\t<div class=\"ekit-wid-con\" >        <!-- link opening -->\n                <a href=\"#\" class=\"ekit_global_links\">\n                <!-- end link opening -->\n\n        <div class=\"elementskit-infobox text- text-left icon-lef-right-aligin elementor-animation- media\">\n                    <div class=\"elementskit-box-header elementor-animation-\">\n                <div class=\"elementskit-info-box-icon  text-center\">\n                    <i aria-hidden=\"true\" class=\"elementkit-infobox-icon fas fa-apple-alt\"><\/i>\n                <\/div>\n          <\/div>\n                        <div class=\"box-body\">\n                            <span class=\"elementskit-info-box-title\">\n                    Menos Hambre                <\/span>\n                        \t\t  \t<p>Esta cirug\u00eda elimina el \u00e1rea de producci\u00f3n de la ghrelina la cual es responsable del hambre. Cuando la gente hace esta cirug\u00eda siempre mencionar que comemos porque nos dice que comamos no porque tenemos hambre.<\/p>\n                                <\/div>\n        \n        \n                <\/div>\n                <\/a>\n        <\/div>\t\t\t\t<\/div>\n\t\t\t\t<\/div>\n\t\t\t\t<div class=\"elementor-element elementor-element-b9ee285 elementor-widget__width-initial ekit-equal-height-disable elementor-invisible elementor-widget elementor-widget-elementskit-icon-box\" data-id=\"b9ee285\" data-element_type=\"widget\" data-e-type=\"widget\" data-settings=\"{&quot;_animation&quot;:&quot;slideInRight&quot;,&quot;_animation_delay&quot;:1100}\" data-widget_type=\"elementskit-icon-box.default\">\n\t\t\t\t<div class=\"elementor-widget-container\">\n\t\t\t\t\t<div class=\"ekit-wid-con\" >        <!-- link opening -->\n                <a href=\"#\" class=\"ekit_global_links\">\n                <!-- end link opening -->\n\n        <div class=\"elementskit-infobox text- text-left icon-lef-right-aligin elementor-animation- media\">\n                    <div class=\"elementskit-box-header elementor-animation-\">\n                <div class=\"elementskit-info-box-icon  text-center\">\n                    <i aria-hidden=\"true\" class=\"elementkit-infobox-icon fas fa-notes-medical\"><\/i>\n                <\/div>\n          <\/div>\n                        <div class=\"box-body\">\n                            <span class=\"elementskit-info-box-title\">\n                    Regula Los Niveles De Az\u00facar                <\/span>\n                        \t\t  \t<p>Es ideal para las personas con enfermedades metab\u00f3licas relacionadas con el sobrepeso como la diabetes, la hipertensi\u00f3n y o colesterol.<\/p>\n                                <\/div>\n        \n        \n                <\/div>\n                <\/a>\n        <\/div>\t\t\t\t<\/div>\n\t\t\t\t<\/div>\n\t\t\t\t<div class=\"elementor-element elementor-element-6a6c88 elementor-widget__width-initial ekit-equal-height-disable elementor-invisible elementor-widget elementor-widget-elementskit-icon-box\" data-id=\"6a6c88\" data-element_type=\"widget\" data-e-type=\"widget\" data-settings=\"{&quot;_animation&quot;:&quot;slideInRight&quot;,&quot;_animation_delay&quot;:300}\" data-widget_type=\"elementskit-icon-box.default\">\n\t\t\t\t<div class=\"elementor-widget-container\">\n\t\t\t\t\t<div class=\"ekit-wid-con\" >        <!-- link opening -->\n                <a href=\"#\" class=\"ekit_global_links\">\n                <!-- end link opening -->\n\n        <div class=\"elementskit-infobox text- text-left icon-lef-right-aligin elementor-animation- media\">\n                    <div class=\"elementskit-box-header elementor-animation-\">\n                <div class=\"elementskit-info-box-icon  text-center\">\n                    <i aria-hidden=\"true\" class=\"elementkit-infobox-icon jki jki-checked1-light\"><\/i>\n                <\/div>\n          <\/div>\n                        <div class=\"box-body\">\n                            <span class=\"elementskit-info-box-title\">\n                    \u00c9xito De P\u00e9rdida De Peso                <\/span>\n                        \t\t  \t<p>P\u00e9rdida r\u00e1pida de peso en funci\u00f3n del peso inicial. Por lo general se experimenta una perdida durante el primer mes de 15 a 30, y una perdida ponderal durante los primeros 6 a 8 meses hasta perder un total de 75% del exceso de peso.<\/p>\n                                <\/div>\n        \n        \n                <\/div>\n                <\/a>\n        <\/div>\t\t\t\t<\/div>\n\t\t\t\t<\/div>\n\t\t\t\t<div class=\"elementor-element elementor-element-356bb95a elementor-widget__width-initial ekit-equal-height-disable elementor-invisible elementor-widget elementor-widget-elementskit-icon-box\" data-id=\"356bb95a\" data-element_type=\"widget\" data-e-type=\"widget\" data-settings=\"{&quot;_animation&quot;:&quot;slideInRight&quot;,&quot;_animation_delay&quot;:1100}\" data-widget_type=\"elementskit-icon-box.default\">\n\t\t\t\t<div class=\"elementor-widget-container\">\n\t\t\t\t\t<div class=\"ekit-wid-con\" >        <!-- link opening -->\n                <a href=\"#\" class=\"ekit_global_links\">\n                <!-- end link opening -->\n\n        <div class=\"elementskit-infobox text- text-left icon-lef-right-aligin elementor-animation- media\">\n                    <div class=\"elementskit-box-header elementor-animation-\">\n                <div class=\"elementskit-info-box-icon  text-center\">\n                    <i aria-hidden=\"true\" class=\"elementkit-infobox-icon icon icon-cancel\"><\/i>\n                <\/div>\n          <\/div>\n                        <div class=\"box-body\">\n                            <span class=\"elementskit-info-box-title\">\n                    Restricci\u00f3n                <\/span>\n                        \t\t  \t<p>La cirug\u00eda es una combinaci\u00f3n de mala absorci\u00f3n y junto con la restricci\u00f3n de la manga g\u00e1strica creado en el primer tiempo de la cirug\u00eda, por lo que la capacidad total del est\u00f3mago ser\u00e1 de 8 a 10 oz de los alimentos, y posterior vendr\u00e1 la mala absorci\u00f3n en el intestino delgado.<\/p>\n                                <\/div>\n        \n        \n                <\/div>\n                <\/a>\n        <\/div>\t\t\t\t<\/div>\n\t\t\t\t<\/div>\n\t\t\t\t<div class=\"elementor-element elementor-element-207c012 elementor-widget__width-initial ekit-equal-height-disable elementor-invisible elementor-widget elementor-widget-elementskit-icon-box\" data-id=\"207c012\" data-element_type=\"widget\" data-e-type=\"widget\" data-settings=\"{&quot;_animation&quot;:&quot;slideInRight&quot;,&quot;_animation_delay&quot;:900}\" data-widget_type=\"elementskit-icon-box.default\">\n\t\t\t\t<div class=\"elementor-widget-container\">\n\t\t\t\t\t<div class=\"ekit-wid-con\" >        <!-- link opening -->\n                <a href=\"#\" class=\"ekit_global_links\">\n                <!-- end link opening -->\n\n        <div class=\"elementskit-infobox text- text-left icon-lef-right-aligin elementor-animation- media\">\n                    <div class=\"elementskit-box-header elementor-animation-\">\n                <div class=\"elementskit-info-box-icon  text-center\">\n                    <i aria-hidden=\"true\" class=\"elementkit-infobox-icon fas fa-angle-left\"><\/i>\n                <\/div>\n          <\/div>\n                        <div class=\"box-body\">\n                            <span class=\"elementskit-info-box-title\">\n                    Menos invasiva                <\/span>\n                        \t\t  \t<p>SADI-S tambi\u00e9n se realiza laparosc\u00f3picamente con seguridad una vez en la segunda anastomosis.\n\nEste procedimiento no se recomienda en GERG o reflujo<\/p>\n                                <\/div>\n        \n        \n                <\/div>\n                <\/a>\n        <\/div>\t\t\t\t<\/div>\n\t\t\t\t<\/div>\n\t\t\t\t\t<\/div>\n\t\t\t\t<\/div>\n\t\t\t\t<\/div>\n\t\t<div class=\"elementor-element elementor-element-6541b579 e-con-full e-flex e-con e-child\" data-id=\"6541b579\" data-element_type=\"container\" data-e-type=\"container\" data-settings=\"{&quot;background_background&quot;:&quot;classic&quot;}\">\n\t\t\t\t<div class=\"elementor-element elementor-element-3ca68ecf elementor-widget elementor-widget-heading\" data-id=\"3ca68ecf\" data-element_type=\"widget\" data-e-type=\"widget\" data-widget_type=\"heading.default\">\n\t\t\t\t<div class=\"elementor-widget-container\">\n\t\t\t\t\t<h6 class=\"elementor-heading-title elementor-size-default\">Procedimientos<\/h6>\t\t\t\t<\/div>\n\t\t\t\t<\/div>\n\t\t\t\t<div class=\"elementor-element elementor-element-70608789 elementor-widget elementor-widget-jkit_nav_menu\" data-id=\"70608789\" data-element_type=\"widget\" data-e-type=\"widget\" data-widget_type=\"jkit_nav_menu.default\">\n\t\t\t\t<div class=\"elementor-widget-container\">\n\t\t\t\t\t<div  class=\"jeg-elementor-kit jkit-nav-menu break-point-tablet submenu-click-title jeg_module___69ea2c5d1e146\"  data-item-indicator=\"&lt;i aria-hidden=&quot;true&quot; class=&quot;fas fa-angle-down&quot;&gt;&lt;\/i&gt;\"><button aria-label=\"open-menu\" class=\"jkit-hamburger-menu\"><i aria-hidden=\"true\" class=\"fas fa-bars\"><\/i><\/button>\n        <div class=\"jkit-menu-wrapper\"><div class=\"jkit-menu-container\"><ul id=\"menu-menujaime\" class=\"jkit-menu jkit-menu-direction-block jkit-submenu-position-top\"><li id=\"menu-item-161\" class=\"menu-item menu-item-type-post_type menu-item-object-page menu-item-home menu-item-161\"><a href=\"https:\/\/drjaimeponcedeleon.com.mx\/es\/\">Inicio<\/a><\/li>\n<li id=\"menu-item-181\" class=\"menu-item menu-item-type-post_type menu-item-object-page menu-item-181\"><a href=\"https:\/\/drjaimeponcedeleon.com.mx\/es\/medical-form\/\">Formulario M\u00e9dico<\/a><\/li>\n<li id=\"menu-item-242\" class=\"menu-item menu-item-type-post_type menu-item-object-page menu-item-has-children menu-item-242\"><a href=\"https:\/\/drjaimeponcedeleon.com.mx\/es\/procedures\/\">Procedimientos<\/a>\n<ul class=\"sub-menu\">\n\t<li id=\"menu-item-253\" class=\"menu-item menu-item-type-post_type menu-item-object-page menu-item-253\"><a href=\"https:\/\/drjaimeponcedeleon.com.mx\/es\/bariatric-revision-surgery\/\">Cirug\u00eda de revisi\u00f3n bari\u00e1trica<\/a><\/li>\n\t<li id=\"menu-item-261\" class=\"menu-item menu-item-type-post_type menu-item-object-page menu-item-261\"><a href=\"https:\/\/drjaimeponcedeleon.com.mx\/es\/intragastric-balloon\/\">Bal\u00f3n Intrag\u00e1strico<\/a><\/li>\n\t<li id=\"menu-item-269\" class=\"menu-item menu-item-type-post_type menu-item-object-page menu-item-269\"><a href=\"https:\/\/drjaimeponcedeleon.com.mx\/es\/hiatal-hernia-repair\/\">Reparaci\u00f3n de Hernia<\/a><\/li>\n\t<li id=\"menu-item-281\" class=\"menu-item menu-item-type-post_type menu-item-object-page menu-item-281\"><a href=\"https:\/\/drjaimeponcedeleon.com.mx\/es\/sils-gastric-sleeve-surgery\/\">SILS Manga G\u00e1strica<\/a><\/li>\n\t<li id=\"menu-item-290\" class=\"menu-item menu-item-type-post_type menu-item-object-page menu-item-290\"><a href=\"https:\/\/drjaimeponcedeleon.com.mx\/es\/sadi-s-surgery\/\">SADI-S<\/a><\/li>\n\t<li id=\"menu-item-299\" class=\"menu-item menu-item-type-post_type menu-item-object-page menu-item-299\"><a href=\"https:\/\/drjaimeponcedeleon.com.mx\/es\/duodenal-switch\/\">Duodenal<\/a><\/li>\n\t<li id=\"menu-item-308\" class=\"menu-item menu-item-type-post_type menu-item-object-page menu-item-308\"><a href=\"https:\/\/drjaimeponcedeleon.com.mx\/es\/gastric-bypass-surgery\/\">Bypass G\u00e1strico<\/a><\/li>\n<\/ul>\n<\/li>\n<li id=\"menu-item-342\" class=\"menu-item menu-item-type-post_type menu-item-object-page menu-item-342\"><a href=\"https:\/\/drjaimeponcedeleon.com.mx\/es\/bariatric-patients\/\">Pacientes Bari\u00e1tricos<\/a><\/li>\n<li id=\"menu-item-317\" class=\"menu-item menu-item-type-post_type menu-item-object-page menu-item-317\"><a href=\"https:\/\/drjaimeponcedeleon.com.mx\/es\/contact\/\">Contacto<\/a><\/li>\n<\/ul><\/div>\n            <div class=\"jkit-nav-identity-panel\">\n                <div class=\"jkit-nav-site-title\"><a href=\"https:\/\/drjaimeponcedeleon.com.mx\/es\" class=\"jkit-nav-logo\" aria-label=\"Home Link\"><\/a><\/div>\n                <button aria-label=\"close-menu\" class=\"jkit-close-menu\"><i aria-hidden=\"true\" class=\"fas fa-times\"><\/i><\/button>\n            <\/div>\n        <\/div>\n        <div class=\"jkit-overlay\"><\/div><\/div>\t\t\t\t<\/div>\n\t\t\t\t<\/div>\n\t\t\t\t<\/div>\n\t\t\t\t\t<\/div>\n\t\t\t\t<\/div>\n\t\t\t\t<\/div>","protected":false},"excerpt":{"rendered":"<p>Procedures SADI-S Surgery The SADI-S (Single anastomosis duodeno\u2013ileal bypass with sleeve gastrectomy) a new safe bariatric procedure that is composed of a restrictive and a mala-absorptive with high results and less invasive that a Roux Y bypass. Restrictive portion of the surgery involves removing 75 to 80% (gastric sleeve) and the mala-absorptive portion of the [&hellip;]<\/p>\n","protected":false},"author":1,"featured_media":0,"parent":0,"menu_order":0,"comment_status":"closed","ping_status":"closed","template":"elementor_header_footer","meta":{"footnotes":""},"class_list":["post-289","page","type-page","status-publish","hentry"],"_links":{"self":[{"href":"https:\/\/drjaimeponcedeleon.com.mx\/es\/wp-json\/wp\/v2\/pages\/289","targetHints":{"allow":["GET"]}}],"collection":[{"href":"https:\/\/drjaimeponcedeleon.com.mx\/es\/wp-json\/wp\/v2\/pages"}],"about":[{"href":"https:\/\/drjaimeponcedeleon.com.mx\/es\/wp-json\/wp\/v2\/types\/page"}],"author":[{"embeddable":true,"href":"https:\/\/drjaimeponcedeleon.com.mx\/es\/wp-json\/wp\/v2\/users\/1"}],"replies":[{"embeddable":true,"href":"https:\/\/drjaimeponcedeleon.com.mx\/es\/wp-json\/wp\/v2\/comments?post=289"}],"version-history":[{"count":0,"href":"https:\/\/drjaimeponcedeleon.com.mx\/es\/wp-json\/wp\/v2\/pages\/289\/revisions"}],"wp:attachment":[{"href":"https:\/\/drjaimeponcedeleon.com.mx\/es\/wp-json\/wp\/v2\/media?parent=289"}],"curies":[{"name":"wp","href":"https:\/\/api.w.org\/{rel}","templated":true}]}}